{"id":1730,"date":"2022-03-25T10:01:04","date_gmt":"2022-03-25T10:01:04","guid":{"rendered":"https:\/\/gtu.agency\/blog\/"},"modified":"2023-03-16T15:51:12","modified_gmt":"2023-03-16T15:51:12","slug":"blog","status":"publish","type":"page","link":"https:\/\/gtu.agency\/es\/blog\/","title":{"rendered":"Blog"},"content":{"rendered":"\t\t<div data-elementor-type=\"wp-page\" data-elementor-id=\"1730\" class=\"elementor elementor-1730 elementor-403\" data-elementor-post-type=\"page\">\n\t\t\t\t\t\t<section class=\"elementor-section elementor-top-section elementor-element elementor-element-81e20ea elementor-section-stretched elementor-section-boxed elementor-section-height-default elementor-section-height-default\" data-id=\"81e20ea\" data-element_type=\"section\" data-e-type=\"section\" data-settings=\"{&quot;stretch_section&quot;:&quot;section-stretched&quot;,&quot;background_background&quot;:&quot;classic&quot;}\">\n\t\t\t\t\t\t<div class=\"elementor-container elementor-column-gap-default\">\n\t\t\t\t\t<div class=\"elementor-column elementor-col-100 elementor-top-column elementor-element elementor-element-92f8910\" data-id=\"92f8910\" data-element_type=\"column\" data-e-type=\"column\">\n\t\t\t<div class=\"elementor-widget-wrap elementor-element-populated\">\n\t\t\t\t\t\t<div class=\"elementor-element elementor-element-68180ef elementor-widget elementor-widget-heading\" data-id=\"68180ef\" data-element_type=\"widget\" data-e-type=\"widget\" data-widget_type=\"heading.default\">\n\t\t\t\t<div class=\"elementor-widget-container\">\n\t\t\t\t\t<h2 class=\"elementor-heading-title elementor-size-default\">Blog<\/h2>\t\t\t\t<\/div>\n\t\t\t\t<\/div>\n\t\t\t\t<div class=\"elementor-element elementor-element-9168cd9 elementor-widget elementor-widget-jet-blog-smart-tiles\" data-id=\"9168cd9\" data-element_type=\"widget\" data-e-type=\"widget\" data-widget_type=\"jet-blog-smart-tiles.default\">\n\t\t\t\t<div class=\"elementor-widget-container\">\n\t\t\t\t\t<div class=\"elementor-jet-blog-smart-tiles jet-blog\"><div class=\"jet-smart-tiles-wrap\" data-slider-atts='{\"adaptiveHeight\":true,\"arrows\":false,\"prevArrow\":\"<i class=\\\"jet-arrow-prev jet-blog-arrow\\\"><svg width=\\\"24\\\" height=\\\"24\\\" viewBox=\\\"0 0 24 24\\\" fill=\\\"none\\\" xmlns=\\\"http:\\\/\\\/www.w3.org\\\/2000\\\/svg\\\"><path d=\\\"M14.625 5.3999L16.3 7.0749L11.35 12.0249L16.3 16.9749L14.625 18.6499L7.99999 12.0249L14.625 5.3999Z\\\" fill=\\\"#0F172A\\\"\\\/><\\\/svg><\\\/i>\",\"nextArrow\":\"<i class=\\\"jet-arrow-next jet-blog-arrow\\\"><svg width=\\\"24\\\" height=\\\"24\\\" viewBox=\\\"0 0 24 24\\\" fill=\\\"none\\\" xmlns=\\\"http:\\\/\\\/www.w3.org\\\/2000\\\/svg\\\"><path d=\\\"M9.37501 18.6001L7.70001 16.9251L12.65 11.9751L7.70001 7.0251L9.37501 5.3501L16 11.9751L9.37501 18.6001Z\\\" fill=\\\"#0F172A\\\"\\\/><\\\/svg><\\\/i>\",\"autoplay\":false,\"autoplaySpeed\":5000,\"rtl\":false}' dir=\"ltr\"><div class=\"jet-smart-tiles-slide\"><div class=\"jet-smart-tiles-slide__wrap layout-1-1-2-h\" ><div class=\"jet-smart-tiles\">\n\t<div class=\"jet-smart-tiles__box\" style=\"background-image:url(&#039;https:\/\/gtu.agency\/wp-content\/uploads\/2022\/06\/Blog-008-featured-image.png&#039;)\">\n\t\t\t\t<div class=\"jet-smart-tiles__box-content\">\n\t\t\t<div class=\"jet-smart-tiles__box-content-inner\">\n\t\t\t\t<div class=\"jet-smart-tiles__meta\"><span class=\"post__date post-meta__item jet-smart-tiles__meta-item\"><span  class=\"post__date-link \" ><time datetime=\"2023-03-27T07:47:53+00:00\" title=\"2023-03-27T07:47:53+00:00\">27 de marzo de 2023<\/time><\/span><\/span><\/div>\t\t\t\t\t\t\t\t<div class=\"jet-smart-tiles__box-title\">\u00bfPor qu\u00e9 es importante la traducci\u00f3n en los medios de comunicaci\u00f3n?<\/div>\t\t\t\t\t\t\t\t\t\t\t\t\t\t\t\t\t\t\t<\/div>\n\t\t<\/div>\n\t\t<a href=\"https:\/\/gtu.agency\/es\/traduccion-en-los-medios-de-comunicacion\/\" class=\"jet-smart-tiles__box-link\" aria-label=\"\u00bfPor qu\u00e9 es importante la traducci\u00f3n en los medios de comunicaci\u00f3n?\"><\/a>\n\t<\/div>\n<\/div><div class=\"jet-smart-tiles\">\n\t<div class=\"jet-smart-tiles__box\" style=\"background-image:url(&#039;https:\/\/gtu.agency\/wp-content\/uploads\/2022\/11\/What-is-the-best-CAT-tool_lores.jpg&#039;)\">\n\t\t\t\t<div class=\"jet-smart-tiles__box-content\">\n\t\t\t<div class=\"jet-smart-tiles__box-content-inner\">\n\t\t\t\t<div class=\"jet-smart-tiles__meta\"><span class=\"post__date post-meta__item jet-smart-tiles__meta-item\"><span  class=\"post__date-link \" ><time datetime=\"2023-03-23T09:54:15+00:00\" title=\"2023-03-23T09:54:15+00:00\">23 de marzo de 2023<\/time><\/span><\/span><\/div>\t\t\t\t\t\t\t\t<div class=\"jet-smart-tiles__box-title\">\u00bfCu\u00e1l es la mejor herramienta CAT?<\/div>\t\t\t\t\t\t\t\t\t\t\t\t\t\t\t\t\t\t\t<\/div>\n\t\t<\/div>\n\t\t<a href=\"https:\/\/gtu.agency\/es\/cual-es-la-mejor-herramienta-cat\/\" class=\"jet-smart-tiles__box-link\" aria-label=\"\u00bfCu\u00e1l es la mejor herramienta CAT?\"><\/a>\n\t<\/div>\n<\/div><div class=\"jet-smart-tiles\">\n\t<div class=\"jet-smart-tiles__box\" style=\"background-image:url(&#039;https:\/\/gtu.agency\/wp-content\/uploads\/2023\/01\/Can-I-forget-my-own-language.jpg&#039;)\">\n\t\t\t\t<div class=\"jet-smart-tiles__box-content\">\n\t\t\t<div class=\"jet-smart-tiles__box-content-inner\">\n\t\t\t\t<div class=\"jet-smart-tiles__meta\"><span class=\"post__date post-meta__item jet-smart-tiles__meta-item\"><span  class=\"post__date-link \" ><time datetime=\"2023-03-20T11:47:38+00:00\" title=\"2023-03-20T11:47:38+00:00\">20 de marzo de 2023<\/time><\/span><\/span><\/div>\t\t\t\t\t\t\t\t<div class=\"jet-smart-tiles__box-title\">\u00bfPuedo olvidar mi propia lengua materna?<\/div>\t\t\t\t\t\t\t\t\t\t\t\t\t\t\t\t\t\t\t<\/div>\n\t\t<\/div>\n\t\t<a href=\"https:\/\/gtu.agency\/es\/puedo-olvidar-mi-propia-lengua-materna\/\" class=\"jet-smart-tiles__box-link\" aria-label=\"\u00bfPuedo olvidar mi propia lengua materna?\"><\/a>\n\t<\/div>\n<\/div><div class=\"jet-smart-tiles\">\n\t<div class=\"jet-smart-tiles__box\" style=\"background-image:url(&#039;https:\/\/gtu.agency\/wp-content\/uploads\/2022\/12\/translator-of-the-future.jpg&#039;)\">\n\t\t\t\t<div class=\"jet-smart-tiles__box-content\">\n\t\t\t<div class=\"jet-smart-tiles__box-content-inner\">\n\t\t\t\t<div class=\"jet-smart-tiles__meta\"><span class=\"post__date post-meta__item jet-smart-tiles__meta-item\"><span  class=\"post__date-link \" ><time datetime=\"2022-12-19T17:06:04+00:00\" title=\"2022-12-19T17:06:04+00:00\">19 de diciembre de 2022<\/time><\/span><\/span><\/div>\t\t\t\t\t\t\t\t<div class=\"jet-smart-tiles__box-title\">El traductor del futuro<\/div>\t\t\t\t\t\t\t\t\t\t\t\t\t\t\t\t\t\t\t<\/div>\n\t\t<\/div>\n\t\t<a href=\"https:\/\/gtu.agency\/es\/el-traductor-del-futuro\/\" class=\"jet-smart-tiles__box-link\" aria-label=\"El traductor del futuro\"><\/a>\n\t<\/div>\n<\/div><\/div><\/div><\/div><\/div>\t\t\t\t<\/div>\n\t\t\t\t<\/div>\n\t\t\t\t\t<\/div>\n\t\t<\/div>\n\t\t\t\t\t<\/div>\n\t\t<\/section>\n\t\t\t\t<\/div>\n\t\t","protected":false},"excerpt":{"rendered":"<p>Blog \u00ab,\u00bbnextArrow\u00bb:\u00bb\u00ab,\u00bbautoplay\u00bb:false,\u00bbautoplaySpeed\u00bb:5000,\u00bbrtl\u00bb:false}&#8217; dir=\u00bbltr\u00bb> January 17, 2023 Am Marterpfahl der Polyseme November 29, 2022 Die Contentstrategie von Fj\u00e4llr\u00e4ven: eine SWOT-Analyse November 23, 2022 Wie schwer ist der Job eines \u00dcbersetzers? November 23, 2022 Mehr Reichweite auf YouTube: Untertitel f\u00fcr dein Business<\/p>\n","protected":false},"author":1,"featured_media":0,"parent":0,"menu_order":0,"comment_status":"closed","ping_status":"closed","template":"","meta":{"footnotes":""},"class_list":["post-1730","page","type-page","status-publish","hentry"],"yoast_head":"<!-- This site is optimized with the Yoast SEO plugin v27.3 - https:\/\/yoast.com\/product\/yoast-seo-wordpress\/ -->\n<title>GTU | Blog<\/title>\n<meta name=\"description\" content=\"Our blog\" \/>\n<meta name=\"robots\" content=\"index, follow, max-snippet:-1, max-image-preview:large, max-video-preview:-1\" \/>\n<link rel=\"canonical\" href=\"https:\/\/gtu.agency\/de\/blog\/\" \/>\n<meta property=\"og:locale\" content=\"es_ES\" \/>\n<meta property=\"og:type\" content=\"article\" \/>\n<meta property=\"og:title\" content=\"GTU | Blog\" \/>\n<meta property=\"og:description\" content=\"Our blog\" \/>\n<meta property=\"og:url\" content=\"https:\/\/gtu.agency\/de\/blog\/\" \/>\n<meta property=\"og:site_name\" content=\"GtU\" \/>\n<meta property=\"article:modified_time\" content=\"2023-03-16T15:51:12+00:00\" \/>\n<meta name=\"twitter:card\" content=\"summary_large_image\" \/>\n<meta name=\"twitter:label1\" content=\"Tiempo de lectura\" \/>\n\t<meta name=\"twitter:data1\" content=\"1 minuto\" \/>\n<script type=\"application\/ld+json\" class=\"yoast-schema-graph\">{\"@context\":\"https:\\\/\\\/schema.org\",\"@graph\":[{\"@type\":\"WebPage\",\"@id\":\"https:\\\/\\\/gtu.agency\\\/de\\\/blog\\\/\",\"url\":\"https:\\\/\\\/gtu.agency\\\/de\\\/blog\\\/\",\"name\":\"GTU | Blog\",\"isPartOf\":{\"@id\":\"https:\\\/\\\/gtu.agency\\\/#website\"},\"datePublished\":\"2022-03-25T10:01:04+00:00\",\"dateModified\":\"2023-03-16T15:51:12+00:00\",\"description\":\"Our blog\",\"breadcrumb\":{\"@id\":\"https:\\\/\\\/gtu.agency\\\/de\\\/blog\\\/#breadcrumb\"},\"inLanguage\":\"es\",\"potentialAction\":[{\"@type\":\"ReadAction\",\"target\":[\"https:\\\/\\\/gtu.agency\\\/de\\\/blog\\\/\"]}]},{\"@type\":\"BreadcrumbList\",\"@id\":\"https:\\\/\\\/gtu.agency\\\/de\\\/blog\\\/#breadcrumb\",\"itemListElement\":[{\"@type\":\"ListItem\",\"position\":1,\"name\":\"Portada\",\"item\":\"https:\\\/\\\/gtu.agency\\\/de\\\/\"},{\"@type\":\"ListItem\",\"position\":2,\"name\":\"Blog\"}]},{\"@type\":\"WebSite\",\"@id\":\"https:\\\/\\\/gtu.agency\\\/#website\",\"url\":\"https:\\\/\\\/gtu.agency\\\/\",\"name\":\"GtU\",\"description\":\"Translation Agency\",\"publisher\":{\"@id\":\"https:\\\/\\\/gtu.agency\\\/#\\\/schema\\\/person\\\/f0aa70d9acb47d7aeba5fbcf24aaf0ba\"},\"potentialAction\":[{\"@type\":\"SearchAction\",\"target\":{\"@type\":\"EntryPoint\",\"urlTemplate\":\"https:\\\/\\\/gtu.agency\\\/?s={search_term_string}\"},\"query-input\":{\"@type\":\"PropertyValueSpecification\",\"valueRequired\":true,\"valueName\":\"search_term_string\"}}],\"inLanguage\":\"es\"},{\"@type\":[\"Person\",\"Organization\"],\"@id\":\"https:\\\/\\\/gtu.agency\\\/#\\\/schema\\\/person\\\/f0aa70d9acb47d7aeba5fbcf24aaf0ba\",\"name\":\"admin\",\"image\":{\"@type\":\"ImageObject\",\"inLanguage\":\"es\",\"@id\":\"https:\\\/\\\/gtu.agency\\\/wp-content\\\/uploads\\\/2022\\\/03\\\/icon-gtu.svg\",\"url\":\"https:\\\/\\\/gtu.agency\\\/wp-content\\\/uploads\\\/2022\\\/03\\\/icon-gtu.svg\",\"contentUrl\":\"https:\\\/\\\/gtu.agency\\\/wp-content\\\/uploads\\\/2022\\\/03\\\/icon-gtu.svg\",\"width\":120,\"height\":65,\"caption\":\"admin\"},\"logo\":{\"@id\":\"https:\\\/\\\/gtu.agency\\\/wp-content\\\/uploads\\\/2022\\\/03\\\/icon-gtu.svg\"}}]}<\/script>\n<!-- \/ Yoast SEO plugin. -->","yoast_head_json":{"title":"GTU | Blog","description":"Our blog","robots":{"index":"index","follow":"follow","max-snippet":"max-snippet:-1","max-image-preview":"max-image-preview:large","max-video-preview":"max-video-preview:-1"},"canonical":"https:\/\/gtu.agency\/de\/blog\/","og_locale":"es_ES","og_type":"article","og_title":"GTU | Blog","og_description":"Our blog","og_url":"https:\/\/gtu.agency\/de\/blog\/","og_site_name":"GtU","article_modified_time":"2023-03-16T15:51:12+00:00","twitter_card":"summary_large_image","twitter_misc":{"Tiempo de lectura":"1 minuto"},"schema":{"@context":"https:\/\/schema.org","@graph":[{"@type":"WebPage","@id":"https:\/\/gtu.agency\/de\/blog\/","url":"https:\/\/gtu.agency\/de\/blog\/","name":"GTU | Blog","isPartOf":{"@id":"https:\/\/gtu.agency\/#website"},"datePublished":"2022-03-25T10:01:04+00:00","dateModified":"2023-03-16T15:51:12+00:00","description":"Our blog","breadcrumb":{"@id":"https:\/\/gtu.agency\/de\/blog\/#breadcrumb"},"inLanguage":"es","potentialAction":[{"@type":"ReadAction","target":["https:\/\/gtu.agency\/de\/blog\/"]}]},{"@type":"BreadcrumbList","@id":"https:\/\/gtu.agency\/de\/blog\/#breadcrumb","itemListElement":[{"@type":"ListItem","position":1,"name":"Portada","item":"https:\/\/gtu.agency\/de\/"},{"@type":"ListItem","position":2,"name":"Blog"}]},{"@type":"WebSite","@id":"https:\/\/gtu.agency\/#website","url":"https:\/\/gtu.agency\/","name":"GtU","description":"Translation Agency","publisher":{"@id":"https:\/\/gtu.agency\/#\/schema\/person\/f0aa70d9acb47d7aeba5fbcf24aaf0ba"},"potentialAction":[{"@type":"SearchAction","target":{"@type":"EntryPoint","urlTemplate":"https:\/\/gtu.agency\/?s={search_term_string}"},"query-input":{"@type":"PropertyValueSpecification","valueRequired":true,"valueName":"search_term_string"}}],"inLanguage":"es"},{"@type":["Person","Organization"],"@id":"https:\/\/gtu.agency\/#\/schema\/person\/f0aa70d9acb47d7aeba5fbcf24aaf0ba","name":"admin","image":{"@type":"ImageObject","inLanguage":"es","@id":"https:\/\/gtu.agency\/wp-content\/uploads\/2022\/03\/icon-gtu.svg","url":"https:\/\/gtu.agency\/wp-content\/uploads\/2022\/03\/icon-gtu.svg","contentUrl":"https:\/\/gtu.agency\/wp-content\/uploads\/2022\/03\/icon-gtu.svg","width":120,"height":65,"caption":"admin"},"logo":{"@id":"https:\/\/gtu.agency\/wp-content\/uploads\/2022\/03\/icon-gtu.svg"}}]}},"_links":{"self":[{"href":"https:\/\/gtu.agency\/es\/wp-json\/wp\/v2\/pages\/1730","targetHints":{"allow":["GET"]}}],"collection":[{"href":"https:\/\/gtu.agency\/es\/wp-json\/wp\/v2\/pages"}],"about":[{"href":"https:\/\/gtu.agency\/es\/wp-json\/wp\/v2\/types\/page"}],"author":[{"embeddable":true,"href":"https:\/\/gtu.agency\/es\/wp-json\/wp\/v2\/users\/1"}],"replies":[{"embeddable":true,"href":"https:\/\/gtu.agency\/es\/wp-json\/wp\/v2\/comments?post=1730"}],"version-history":[{"count":3,"href":"https:\/\/gtu.agency\/es\/wp-json\/wp\/v2\/pages\/1730\/revisions"}],"predecessor-version":[{"id":10499,"href":"https:\/\/gtu.agency\/es\/wp-json\/wp\/v2\/pages\/1730\/revisions\/10499"}],"wp:attachment":[{"href":"https:\/\/gtu.agency\/es\/wp-json\/wp\/v2\/media?parent=1730"}],"curies":[{"name":"wp","href":"https:\/\/api.w.org\/{rel}","templated":true}]}}