{"id":1709,"date":"2022-06-23T14:02:22","date_gmt":"2022-06-23T14:02:22","guid":{"rendered":"https:\/\/gtu.agency\/cookies\/"},"modified":"2022-07-06T17:22:57","modified_gmt":"2022-07-06T17:22:57","slug":"cookies","status":"publish","type":"page","link":"https:\/\/gtu.agency\/es\/cookies\/","title":{"rendered":"Cookies"},"content":{"rendered":"\t\t<div data-elementor-type=\"wp-page\" data-elementor-id=\"1709\" class=\"elementor elementor-1709 elementor-1704\" data-elementor-post-type=\"page\">\n\t\t\t\t\t\t<section class=\"elementor-section elementor-top-section elementor-element elementor-element-5df9c24 elementor-section-stretched elementor-section-boxed elementor-section-height-default elementor-section-height-default\" data-id=\"5df9c24\" data-element_type=\"section\" data-e-type=\"section\" data-settings=\"{&quot;stretch_section&quot;:&quot;section-stretched&quot;,&quot;background_background&quot;:&quot;classic&quot;}\">\n\t\t\t\t\t\t<div class=\"elementor-container elementor-column-gap-default\">\n\t\t\t\t\t<div class=\"elementor-column elementor-col-50 elementor-top-column elementor-element elementor-element-352d604\" data-id=\"352d604\" data-element_type=\"column\" data-e-type=\"column\">\n\t\t\t<div class=\"elementor-widget-wrap elementor-element-populated\">\n\t\t\t\t\t\t<div class=\"elementor-element elementor-element-4261945 elementor-widget elementor-widget-heading\" data-id=\"4261945\" data-element_type=\"widget\" data-e-type=\"widget\" data-widget_type=\"heading.default\">\n\t\t\t\t<div class=\"elementor-widget-container\">\n\t\t\t\t\t<h2 class=\"elementor-heading-title elementor-size-default\">Pol\u00edtica de Cookies<\/h2>\t\t\t\t<\/div>\n\t\t\t\t<\/div>\n\t\t\t\t<div class=\"elementor-element elementor-element-5c841c5 elementor-widget elementor-widget-text-editor\" data-id=\"5c841c5\" data-element_type=\"widget\" data-e-type=\"widget\" data-widget_type=\"text-editor.default\">\n\t\t\t\t<div class=\"elementor-widget-container\">\n\t\t\t\t\t\t\t\t\t<p>\u00a0<\/p><ol><li>Introducci\u00f3n<\/li><\/ol><p>1.1\u00a0\u00a0\u00a0 Nuestro sitio web utiliza cookies.<\/p><p>1.2\u00a0\u00a0\u00a0 En la medida en que esas cookies no sean estrictamente necesarias para la prestaci\u00f3n de nuestro sitio web y nuestros servicios, le pediremos su consentimiento para utilizar cookies cuando visite nuestro sitio web por primera vez.<\/p><ol start=\"2\"><li>Sobre las cookies<\/li><\/ol><p>2.1\u00a0\u00a0\u00a0 Una cookie es un archivo que contiene un identificador (una serie de letras y n\u00fameros) que es enviado por un servidor web a un navegador web y almacenado por este \u00faltimo. El identificador se devuelve al servidor cada vez que el navegador solicita una p\u00e1gina del servidor.<\/p><p>2.2\u00a0\u00a0\u00a0 Las cookies pueden ser \u00abpersistentes\u00bb o \u00abde sesi\u00f3n\u00bb: una cookie persistente es almacenada por el navegador web y conserva la validez hasta su fecha de caducidad establecida, a menos que el usuario la elimine antes de dicha fecha; en cambio, una cookie de sesi\u00f3n expira cuando termina la sesi\u00f3n del usuario, al cerrar el navegador web.<\/p><p>2.3\u00a0\u00a0\u00a0 Las cookies no contienen ninguna informaci\u00f3n que identifique personalmente al usuario; no obstante, los datos personales que almacenamos sobre usted pueden estar vinculados con la informaci\u00f3n almacenada y obtenida a partir de las cookies.<\/p><ol start=\"3\"><li>Gesti\u00f3n de las cookies<\/li><\/ol><p>3.1\u00a0\u00a0\u00a0 La mayor\u00eda de los navegadores permiten rechazar, aceptar y borrar las cookies. El modo de hacerlo var\u00eda en funci\u00f3n del navegador y de la versi\u00f3n que se tenga. En estos enlaces encontrar\u00e1 informaci\u00f3n actualizada sobre c\u00f3mo bloquear y borrar cookies:<\/p><p>(a)\u00a0\u00a0\u00a0\u00a0<a href=\"https:\/\/support.google.com\/chrome\/answer\/95647\">https:\/\/support.google.com\/chrome\/answer\/95647<\/a>\u00a0(Chrome);<\/p><p>(b)\u00a0\u00a0\u00a0\u00a0<a href=\"https:\/\/support.mozilla.org\/en-US\/kb\/enable-and-disable-cookies-website-preferences\">https:\/\/support.mozilla.org\/en-US\/kb\/enable-and-disable-cookies-website-preferences<\/a>\u00a0(Firefox);<\/p><p>(c)\u00a0\u00a0\u00a0\u00a0<a href=\"https:\/\/help.opera.com\/en\/latest\/security-and-privacy\/\">https:\/\/help.opera.com\/en\/latest\/security-and-privacy\/<\/a>\u00a0(Opera);<\/p><p>(d)\u00a0\u00a0\u00a0\u00a0<a href=\"https:\/\/support.microsoft.com\/en-gb\/help\/17442\/windows-internet-explorer-delete-manage-cookies\">https:\/\/support.microsoft.com\/en-gb\/help\/17442\/windows-internet-explorer-delete-manage-cookies<\/a>\u00a0(Internet Explorer);<\/p><p>(e)\u00a0\u00a0\u00a0\u00a0<a href=\"https:\/\/support.apple.com\/en-gb\/guide\/safari\/manage-cookies-and-website-data-sfri11471\/mac\">https:\/\/support.apple.com\/en-gb\/guide\/safari\/manage-cookies-and-website-data-sfri11471\/mac<\/a>\u00a0(Safari); y<\/p><p>(f)\u00a0\u00a0\u00a0\u00a0<a href=\"https:\/\/privacy.microsoft.com\/en-us\/windows-10-microsoft-edge-and-privacy\">https:\/\/privacy.microsoft.com\/en-us\/windows-10-microsoft-edge-and-privacy<\/a>\u00a0(Edge).<\/p><p>3.2\u00a0\u00a0\u00a0 Bloquear todas las cookies puede tener un efecto negativo en la facilidad de uso de muchos sitios web.<\/p><p>3.3\u00a0\u00a0\u00a0 Si bloquea todas las cookies, no podr\u00e1 utilizar todas las funciones de nuestro sitio web.<\/p><ol start=\"4\"><li>Informaci\u00f3n sobre nosotros<\/li><\/ol><p>4.1\u00a0\u00a0\u00a0 Este sitio web es propiedad de y est\u00e1 operado por German Translation Unit S.L.<\/p><p>4.2\u00a0\u00a0\u00a0 Estamos inscritos en el Registro Mercantil de Madrid, volumen: 29.460, folio: 132, hoja: M-53030 y nuestro NIF-IVA es ESB83675557. Nuestro domicilio social se ubica en calle Zurbano\u00a045, piso 1\u00ba, 28010\u00a0Madrid.<\/p><p>4.3\u00a0\u00a0\u00a0 Nuestra oficina principal se encuentra en calle Zurbano\u00a045, piso\u00a01\u00ba, 28010\u00a0Madrid.<\/p><p>4.4\u00a0\u00a0\u00a0 Puede contactar con nosotros:<\/p><p>(a)\u00a0\u00a0\u00a0 por correo, a la direcci\u00f3n postal indicada previamente;<\/p><p>(b)\u00a0\u00a0\u00a0 mediante el formulario de contacto de nuestro sitio web;<\/p><p>(c)\u00a0\u00a0\u00a0 por tel\u00e9fono, llamando al n\u00famero de contacto que aparece en nuestro sitio web; o bien<\/p><p>(d)\u00a0\u00a0\u00a0 por correo electr\u00f3nico, a la direcci\u00f3n que aparece en nuestro sitio web.<\/p><p>\u00a0<\/p>\t\t\t\t\t\t\t\t<\/div>\n\t\t\t\t<\/div>\n\t\t\t\t\t<\/div>\n\t\t<\/div>\n\t\t\t\t<div class=\"elementor-column elementor-col-50 elementor-top-column elementor-element elementor-element-6aa18ce elementor-hidden-mobile\" data-id=\"6aa18ce\" data-element_type=\"column\" data-e-type=\"column\">\n\t\t\t<div class=\"elementor-widget-wrap\">\n\t\t\t\t\t\t\t<\/div>\n\t\t<\/div>\n\t\t\t\t\t<\/div>\n\t\t<\/section>\n\t\t\t\t<\/div>\n\t\t","protected":false},"excerpt":{"rendered":"<p>Pol\u00edtica de Cookies Introducci\u00f3n 1.1\u00a0\u00a0\u00a0 Nuestro sitio web utiliza cookies. 1.2\u00a0\u00a0\u00a0 En la medida en que esas cookies no sean estrictamente necesarias para la prestaci\u00f3n de nuestro sitio web y nuestros servicios, le pediremos su consentimiento para utilizar cookies cuando visite nuestro sitio web por primera vez. Sobre las cookies 2.1\u00a0\u00a0\u00a0 Una cookie es un &#8230; <a title=\"Cookies\" class=\"read-more\" href=\"https:\/\/gtu.agency\/es\/cookies\/\" aria-label=\"Leer m\u00e1s sobre Cookies\">Leer m\u00e1s<\/a><\/p>\n","protected":false},"author":1,"featured_media":0,"parent":0,"menu_order":0,"comment_status":"closed","ping_status":"closed","template":"","meta":{"footnotes":""},"class_list":["post-1709","page","type-page","status-publish"],"yoast_head":"<!-- This site is optimized with the Yoast SEO plugin v27.3 - https:\/\/yoast.com\/product\/yoast-seo-wordpress\/ -->\n<title>Cookies - GtU<\/title>\n<meta name=\"robots\" content=\"index, follow, max-snippet:-1, max-image-preview:large, max-video-preview:-1\" \/>\n<link rel=\"canonical\" href=\"https:\/\/gtu.agency\/es\/cookies\/\" \/>\n<meta property=\"og:locale\" content=\"es_ES\" \/>\n<meta property=\"og:type\" content=\"article\" \/>\n<meta property=\"og:title\" content=\"Cookies - GtU\" \/>\n<meta property=\"og:description\" content=\"Pol\u00edtica de Cookies Introducci\u00f3n 1.1\u00a0\u00a0\u00a0 Nuestro sitio web utiliza cookies. 1.2\u00a0\u00a0\u00a0 En la medida en que esas cookies no sean estrictamente necesarias para la prestaci\u00f3n de nuestro sitio web y nuestros servicios, le pediremos su consentimiento para utilizar cookies cuando visite nuestro sitio web por primera vez. Sobre las cookies 2.1\u00a0\u00a0\u00a0 Una cookie es un ... Leer m\u00e1s\" \/>\n<meta property=\"og:url\" content=\"https:\/\/gtu.agency\/es\/cookies\/\" \/>\n<meta property=\"og:site_name\" content=\"GtU\" \/>\n<meta property=\"article:modified_time\" content=\"2022-07-06T17:22:57+00:00\" \/>\n<meta name=\"twitter:card\" content=\"summary_large_image\" \/>\n<meta name=\"twitter:label1\" content=\"Tiempo de lectura\" \/>\n\t<meta name=\"twitter:data1\" content=\"2 minutos\" \/>\n<script type=\"application\/ld+json\" class=\"yoast-schema-graph\">{\"@context\":\"https:\\\/\\\/schema.org\",\"@graph\":[{\"@type\":\"WebPage\",\"@id\":\"https:\\\/\\\/gtu.agency\\\/es\\\/cookies\\\/\",\"url\":\"https:\\\/\\\/gtu.agency\\\/es\\\/cookies\\\/\",\"name\":\"Cookies - GtU\",\"isPartOf\":{\"@id\":\"https:\\\/\\\/gtu.agency\\\/#website\"},\"datePublished\":\"2022-06-23T14:02:22+00:00\",\"dateModified\":\"2022-07-06T17:22:57+00:00\",\"breadcrumb\":{\"@id\":\"https:\\\/\\\/gtu.agency\\\/es\\\/cookies\\\/#breadcrumb\"},\"inLanguage\":\"es\",\"potentialAction\":[{\"@type\":\"ReadAction\",\"target\":[\"https:\\\/\\\/gtu.agency\\\/es\\\/cookies\\\/\"]}]},{\"@type\":\"BreadcrumbList\",\"@id\":\"https:\\\/\\\/gtu.agency\\\/es\\\/cookies\\\/#breadcrumb\",\"itemListElement\":[{\"@type\":\"ListItem\",\"position\":1,\"name\":\"Portada\",\"item\":\"https:\\\/\\\/gtu.agency\\\/de\\\/\"},{\"@type\":\"ListItem\",\"position\":2,\"name\":\"Cookies\"}]},{\"@type\":\"WebSite\",\"@id\":\"https:\\\/\\\/gtu.agency\\\/#website\",\"url\":\"https:\\\/\\\/gtu.agency\\\/\",\"name\":\"GtU\",\"description\":\"Translation Agency\",\"publisher\":{\"@id\":\"https:\\\/\\\/gtu.agency\\\/#\\\/schema\\\/person\\\/f0aa70d9acb47d7aeba5fbcf24aaf0ba\"},\"potentialAction\":[{\"@type\":\"SearchAction\",\"target\":{\"@type\":\"EntryPoint\",\"urlTemplate\":\"https:\\\/\\\/gtu.agency\\\/?s={search_term_string}\"},\"query-input\":{\"@type\":\"PropertyValueSpecification\",\"valueRequired\":true,\"valueName\":\"search_term_string\"}}],\"inLanguage\":\"es\"},{\"@type\":[\"Person\",\"Organization\"],\"@id\":\"https:\\\/\\\/gtu.agency\\\/#\\\/schema\\\/person\\\/f0aa70d9acb47d7aeba5fbcf24aaf0ba\",\"name\":\"admin\",\"image\":{\"@type\":\"ImageObject\",\"inLanguage\":\"es\",\"@id\":\"https:\\\/\\\/gtu.agency\\\/wp-content\\\/uploads\\\/2022\\\/03\\\/icon-gtu.svg\",\"url\":\"https:\\\/\\\/gtu.agency\\\/wp-content\\\/uploads\\\/2022\\\/03\\\/icon-gtu.svg\",\"contentUrl\":\"https:\\\/\\\/gtu.agency\\\/wp-content\\\/uploads\\\/2022\\\/03\\\/icon-gtu.svg\",\"width\":120,\"height\":65,\"caption\":\"admin\"},\"logo\":{\"@id\":\"https:\\\/\\\/gtu.agency\\\/wp-content\\\/uploads\\\/2022\\\/03\\\/icon-gtu.svg\"}}]}<\/script>\n<!-- \/ Yoast SEO plugin. -->","yoast_head_json":{"title":"Cookies - GtU","robots":{"index":"index","follow":"follow","max-snippet":"max-snippet:-1","max-image-preview":"max-image-preview:large","max-video-preview":"max-video-preview:-1"},"canonical":"https:\/\/gtu.agency\/es\/cookies\/","og_locale":"es_ES","og_type":"article","og_title":"Cookies - GtU","og_description":"Pol\u00edtica de Cookies Introducci\u00f3n 1.1\u00a0\u00a0\u00a0 Nuestro sitio web utiliza cookies. 1.2\u00a0\u00a0\u00a0 En la medida en que esas cookies no sean estrictamente necesarias para la prestaci\u00f3n de nuestro sitio web y nuestros servicios, le pediremos su consentimiento para utilizar cookies cuando visite nuestro sitio web por primera vez. Sobre las cookies 2.1\u00a0\u00a0\u00a0 Una cookie es un ... Leer m\u00e1s","og_url":"https:\/\/gtu.agency\/es\/cookies\/","og_site_name":"GtU","article_modified_time":"2022-07-06T17:22:57+00:00","twitter_card":"summary_large_image","twitter_misc":{"Tiempo de lectura":"2 minutos"},"schema":{"@context":"https:\/\/schema.org","@graph":[{"@type":"WebPage","@id":"https:\/\/gtu.agency\/es\/cookies\/","url":"https:\/\/gtu.agency\/es\/cookies\/","name":"Cookies - GtU","isPartOf":{"@id":"https:\/\/gtu.agency\/#website"},"datePublished":"2022-06-23T14:02:22+00:00","dateModified":"2022-07-06T17:22:57+00:00","breadcrumb":{"@id":"https:\/\/gtu.agency\/es\/cookies\/#breadcrumb"},"inLanguage":"es","potentialAction":[{"@type":"ReadAction","target":["https:\/\/gtu.agency\/es\/cookies\/"]}]},{"@type":"BreadcrumbList","@id":"https:\/\/gtu.agency\/es\/cookies\/#breadcrumb","itemListElement":[{"@type":"ListItem","position":1,"name":"Portada","item":"https:\/\/gtu.agency\/de\/"},{"@type":"ListItem","position":2,"name":"Cookies"}]},{"@type":"WebSite","@id":"https:\/\/gtu.agency\/#website","url":"https:\/\/gtu.agency\/","name":"GtU","description":"Translation Agency","publisher":{"@id":"https:\/\/gtu.agency\/#\/schema\/person\/f0aa70d9acb47d7aeba5fbcf24aaf0ba"},"potentialAction":[{"@type":"SearchAction","target":{"@type":"EntryPoint","urlTemplate":"https:\/\/gtu.agency\/?s={search_term_string}"},"query-input":{"@type":"PropertyValueSpecification","valueRequired":true,"valueName":"search_term_string"}}],"inLanguage":"es"},{"@type":["Person","Organization"],"@id":"https:\/\/gtu.agency\/#\/schema\/person\/f0aa70d9acb47d7aeba5fbcf24aaf0ba","name":"admin","image":{"@type":"ImageObject","inLanguage":"es","@id":"https:\/\/gtu.agency\/wp-content\/uploads\/2022\/03\/icon-gtu.svg","url":"https:\/\/gtu.agency\/wp-content\/uploads\/2022\/03\/icon-gtu.svg","contentUrl":"https:\/\/gtu.agency\/wp-content\/uploads\/2022\/03\/icon-gtu.svg","width":120,"height":65,"caption":"admin"},"logo":{"@id":"https:\/\/gtu.agency\/wp-content\/uploads\/2022\/03\/icon-gtu.svg"}}]}},"_links":{"self":[{"href":"https:\/\/gtu.agency\/es\/wp-json\/wp\/v2\/pages\/1709","targetHints":{"allow":["GET"]}}],"collection":[{"href":"https:\/\/gtu.agency\/es\/wp-json\/wp\/v2\/pages"}],"about":[{"href":"https:\/\/gtu.agency\/es\/wp-json\/wp\/v2\/types\/page"}],"author":[{"embeddable":true,"href":"https:\/\/gtu.agency\/es\/wp-json\/wp\/v2\/users\/1"}],"replies":[{"embeddable":true,"href":"https:\/\/gtu.agency\/es\/wp-json\/wp\/v2\/comments?post=1709"}],"version-history":[{"count":3,"href":"https:\/\/gtu.agency\/es\/wp-json\/wp\/v2\/pages\/1709\/revisions"}],"predecessor-version":[{"id":1955,"href":"https:\/\/gtu.agency\/es\/wp-json\/wp\/v2\/pages\/1709\/revisions\/1955"}],"wp:attachment":[{"href":"https:\/\/gtu.agency\/es\/wp-json\/wp\/v2\/media?parent=1709"}],"curies":[{"name":"wp","href":"https:\/\/api.w.org\/{rel}","templated":true}]}}