{"id":1679,"date":"2022-06-23T13:47:20","date_gmt":"2022-06-23T13:47:20","guid":{"rendered":"https:\/\/gtu.agency\/?page_id=1679"},"modified":"2022-07-15T10:39:25","modified_gmt":"2022-07-15T10:39:25","slug":"politica-de-privacidad","status":"publish","type":"page","link":"https:\/\/gtu.agency\/es\/politica-de-privacidad\/","title":{"rendered":"Pol\u00edtica de privacidad"},"content":{"rendered":"\t\t<div data-elementor-type=\"wp-page\" data-elementor-id=\"1679\" class=\"elementor elementor-1679 elementor-1672\" data-elementor-post-type=\"page\">\n\t\t\t\t\t\t<section class=\"elementor-section elementor-top-section elementor-element elementor-element-cbd6a85 elementor-section-stretched elementor-section-boxed elementor-section-height-default elementor-section-height-default\" data-id=\"cbd6a85\" data-element_type=\"section\" data-e-type=\"section\" data-settings=\"{&quot;stretch_section&quot;:&quot;section-stretched&quot;,&quot;background_background&quot;:&quot;classic&quot;}\">\n\t\t\t\t\t\t<div class=\"elementor-container elementor-column-gap-default\">\n\t\t\t\t\t<div class=\"elementor-column elementor-col-50 elementor-top-column elementor-element elementor-element-4b3e1a1\" data-id=\"4b3e1a1\" data-element_type=\"column\" data-e-type=\"column\">\n\t\t\t<div class=\"elementor-widget-wrap elementor-element-populated\">\n\t\t\t\t\t\t<div class=\"elementor-element elementor-element-fad9de0 elementor-widget elementor-widget-heading\" data-id=\"fad9de0\" data-element_type=\"widget\" data-e-type=\"widget\" data-widget_type=\"heading.default\">\n\t\t\t\t<div class=\"elementor-widget-container\">\n\t\t\t\t\t<h2 class=\"elementor-heading-title elementor-size-default\">Pol\u00edtica de privacidad<\/h2>\t\t\t\t<\/div>\n\t\t\t\t<\/div>\n\t\t\t\t<div class=\"elementor-element elementor-element-7a9c246 elementor-widget elementor-widget-text-editor\" data-id=\"7a9c246\" data-element_type=\"widget\" data-e-type=\"widget\" data-widget_type=\"text-editor.default\">\n\t\t\t\t<div class=\"elementor-widget-container\">\n\t\t\t\t\t\t\t\t\t<p><strong>Pol\u00edtica de privacidad de German Translation Unit (GTU)<\/strong><\/p>\n<p>Esta pol\u00edtica de privacidad se aplica a nuestra sede German Translation Unit S.L., situada en Espa\u00f1a, y a la filial de nuestra total propiedad GTU German Translation Unit GmbH, situada en Alemania. En esta pol\u00edtica de privacidad se explica c\u00f3mo nuestra organizaci\u00f3n utiliza los datos personales que recoge de usted cuando usa nuestro sitio web.<\/p>\n<p>Contenidos:<\/p>\n<ul>\n<li>\u00bfQu\u00e9 datos recogemos?<\/li>\n<li>\u00bfC\u00f3mo recogemos sus datos?<\/li>\n<li>\u00bfC\u00f3mo usaremos sus datos?<\/li>\n<li>\u00bfC\u00f3mo almacenamos sus datos?<\/li>\n<li>Marketing<\/li>\n<li>\u00bfCu\u00e1les son sus derechos de protecci\u00f3n de datos?<\/li>\n<li>\u00bfQu\u00e9 son las cookies?<\/li>\n<li>\u00bfC\u00f3mo usamos las cookies?<\/li>\n<li>\u00bfQu\u00e9 tipos de cookies utilizamos?<\/li>\n<li>Gesti\u00f3n de cookies<\/li>\n<li>Pol\u00edticas de privacidad de otros sitios web<\/li>\n<li>Cambios en nuestra pol\u00edtica de privacidad<\/li>\n<li>Contacto de GTU<\/li>\n<li>Contacto de la autoridad competente<\/li>\n<\/ul>\n<p>\u00bfQu\u00e9 datos recogemos?<\/p>\n<p>GTU recoge los siguientes datos:<\/p>\n<ul>\n<li>Informaci\u00f3n de identificaci\u00f3n personal (nombre, direcci\u00f3n de correo electr\u00f3nico, n\u00famero de tel\u00e9fono)<\/li>\n<\/ul>\n<p><strong>\u00bfC\u00f3mo recogemos sus datos?<\/strong><\/p>\n<p>Usted facilita directamente a GTU la mayor\u00eda de los datos que recogemos. Recogemos y procesamos datos cuando usted:<\/p>\n<ul>\n<li>Nos contacta mediante el<\/li>\n<li>Formulario de contacto de nuestro sitio web<\/li>\n<li>Se registra en l\u00ednea o encarga cualquiera de nuestros productos o servicios.<\/li>\n<li>Rellena voluntariamente una encuesta de cliente o deja su opini\u00f3n en cualquiera de nuestros tableros de mensajes o por correo electr\u00f3nico.<\/li>\n<li>Utiliza o ve nuestro sitio web a trav\u00e9s de las cookies de su navegador.<\/li>\n<\/ul>\n<p><strong>\u00bfC\u00f3mo usaremos sus datos?<\/strong><\/p>\n<p>GTU recoge sus datos para poder:<\/p>\n<ul>\n<li>Procesar su encargo y gestionar su cuenta.<\/li>\n<li>Enviarle por correo ofertas especiales sobre otros productos y servicios que creamos que puedan interesarle.<\/li>\n<\/ul>\n<p>Cuando GTU procese su encargo, puede enviar sus datos a las agencias de calificaci\u00f3n crediticia, as\u00ed como utilizar la informaci\u00f3n resultante, con el fin de evitar compras fraudulentas.<\/p><span style=\"color: var( --e-global-color-text ); background-color: var( --e-global-color-primary );\"><b>\u00bfC\u00f3mo almacenamos sus datos?<\/b><\/span><div><b><br><\/b>\n<p>Los datos se eliminan tan pronto como dejan de ser necesarios para lograr el objetivo para el que fueron recogidos. Los datos personales recogidos en un proceso de contrataci\u00f3n se eliminar\u00e1n autom\u00e1ticamente al cabo de 120 d\u00edas.<\/p>\n<p><strong>Marketing<\/strong><\/p>\n<p>GTU desea enviarle informaci\u00f3n sobre productos y servicios nuestros que creemos que pueden interesarle.<\/p>\n<p>Si ha aceptado recibir comunicaciones de marketing, siempre puede optar por dejar de hacerlo posteriormente.<\/p>\n<p>Tiene derecho en cualquier momento a que GTU deje de contactar con usted con fines de marketing o de facilitar sus datos a otros miembros del Grupo GTU.<\/p>\n<p><strong>\u00bfCu\u00e1les son sus derechos de protecci\u00f3n de datos?<\/strong><\/p>\n<p>GTU quiere asegurarse de que es plenamente consciente de todos sus derechos en materia de protecci\u00f3n de datos. Todos los usuarios tienen los siguientes derechos:<\/p>\n<p><strong>Derecho de acceso<\/strong>&nbsp;\u2013 Tiene derecho a solicitar a GTU copias de sus datos personales.<\/p>\n<p><strong>Derecho de rectificaci\u00f3n<\/strong>&nbsp;\u2013 Tiene derecho a solicitar a GTU que corrija cualquier informaci\u00f3n que considere inexacta. Tambi\u00e9n tiene derecho a solicitar a GTU que rellene la informaci\u00f3n que considere incompleta.<\/p>\n<p><strong>Derecho de supresi\u00f3n<\/strong>&nbsp;\u2013 Tiene derecho a solicitar a GTU que suprima sus datos personales, bajo ciertas condiciones.<\/p>\n<p><strong>Derecho de limitaci\u00f3n del tratamiento<\/strong>&nbsp;\u2013 Tiene derecho a solicitar a GTU que limite el tratamiento de sus datos personales, bajo ciertas condiciones.<\/p>\n<p><strong>Derecho de oposici\u00f3n al tratamiento<\/strong>&nbsp;\u2013 Tiene derecho a oponerse al tratamiento por parte de GTU de sus datos personales, bajo ciertas condiciones.<\/p>\n<p><strong>Derecho de portabilidad<\/strong>&nbsp;\u2013 Tiene derecho a solicitar a GTU que transfiera los datos que hemos recogido a otra organizaci\u00f3n o directamente a usted, bajo ciertas condiciones.<\/p>\n<p>Si hace una solicitud, disponemos de un mes para responderle. Si quiere ejercer cualquiera de estos derechos, contacte con nosotros en la direcci\u00f3n de correo electr\u00f3nico: privacy@gtu.agency<\/p>\n<p><strong>Cookies<\/strong><\/p>\n<p>Las cookies son archivos de texto ubicados en su ordenador a fin de recopilar informaci\u00f3n est\u00e1ndar de registro de Internet e informaci\u00f3n sobre el comportamiento de los visitantes. Cuando visite nuestros sitios web, podemos recopilar informaci\u00f3n de usted autom\u00e1ticamente a trav\u00e9s de las cookies u otra tecnolog\u00eda similar.<\/p>\n<p>Para m\u00e1s informaci\u00f3n, visite allaboutcookies.org.<\/p>\n<p><strong>\u00bfC\u00f3mo usamos las cookies?<\/strong><\/p>\n<p>GTU utiliza las cookies de varias maneras para mejorar su experiencia en nuestro sitio web, por ejemplo:<\/p>\n<ul>\n<li>Para mantener su sesi\u00f3n iniciada<\/li>\n<li>Para saber c\u00f3mo utiliza nuestro sitio web<\/li>\n<\/ul>\n<p><strong>\u00bfQu\u00e9 tipos de cookies utilizamos?<\/strong><\/p>\n<p>Hay distintos tipos de cookies; en concreto, nuestro sitio web utiliza:<\/p>\n<ul>\n<li>Funcionales \u2013 GTU utiliza estas cookies para reconocerle en nuestro sitio web y recordar sus preferencias seleccionadas previamente. Esto incluye su idioma de preferencia y ubicaci\u00f3n. Se utiliza una combinaci\u00f3n de cookies de origen y cookies de terceros.<\/li>\n<li>Publicitarias \u2013 GTU utiliza estas cookies para recopilar informaci\u00f3n sobre su visita a nuestro sitio web, el contenido que visualiz\u00f3, los enlaces que sigui\u00f3 e informaci\u00f3n sobre su navegador, su dispositivo y su direcci\u00f3n IP. En ocasiones, GTU comparte con terceros algunos aspectos limitados de estos datos con fines publicitarios. Tambi\u00e9n podemos compartir los datos en l\u00ednea recogidos mediante las cookies con nuestros socios publicitarios, lo cual significa que, cuando usted visita otro sitio web, se le puede mostrar publicidad basada en sus patrones de navegaci\u00f3n en nuestro sitio web.<\/li>\n<\/ul>\n<p><strong>Gesti\u00f3n de cookies<\/strong><\/p>\n<p>Puede configurar su navegador para que no acepte cookies. En nuestro sitio web encontrar\u00e1 informaci\u00f3n sobre c\u00f3mo eliminar las cookies de su navegador. No obstante, como resultado, puede darse el caso de que algunas de las funciones de nuestro sitio web no funcionen.<\/p>\n<p><strong>Pol\u00edticas de privacidad de otros sitios web<\/strong><\/p>\n<p>El sitio web de GTU contiene enlaces a otros sitios web. Nuestra pol\u00edtica de privacidad se aplica \u00fanicamente a nuestro sitio web, de modo que, si hace clic en un enlace a otro sitio web, debe leer su correspondiente pol\u00edtica de privacidad.<\/p>\n<p><strong>Cambios en nuestra pol\u00edtica de privacidad<\/strong><\/p>\n<p>GTU revisa regularmente su pol\u00edtica de privacidad y publica cualquier actualizaci\u00f3n en este sitio web. Esta pol\u00edtica de privacidad se actualiz\u00f3 por \u00faltima vez el 15 de febrero de 2021.<\/p>\n<p><strong>Contacto de GTU<\/strong><\/p>\n<p>Si tiene alguna pregunta sobre la pol\u00edtica de privacidad de GTU, los datos que tenemos de usted o quiere ejercer alguno de sus derechos de protecci\u00f3n de datos, no dude en contactar con nosotros.<\/p>\n<p>Escr\u00edbanos por correo a: privacy@gtu.agency<\/p>\n<p><strong>Contacto de la autoridad competente<\/strong><\/p>\n<p>Si desea presentar una queja o considera que GTU no ha abordado su solicitud satisfactoriamente, puede contactar con el organismo responsable correspondiente:<\/p>\n<p>Agencia Espa\u00f1ola de Protecci\u00f3n de Datos (AEPD)<\/p>\n<p>C\/ Jorge Juan, 6<\/p>\n<p>28001&nbsp;Madrid<\/p>\n<p>Tel. +34 91 266 3517<\/p>\n<p>Fax +34 91 455 5699<\/p>\n<p>Direcci\u00f3n de correo electr\u00f3nico:&nbsp;<a href=\"mailto:internacional@aepd.es\">internacional@aepd.es<\/a><\/p>\n<p>Sitio web:&nbsp;<a href=\"https:\/\/www.aepd.es\/\">https:\/\/www.aepd.es\/<\/a><\/p>\n<p><\/p>\n<\/div>\t\t\t\t\t\t\t\t<\/div>\n\t\t\t\t<\/div>\n\t\t\t\t\t<\/div>\n\t\t<\/div>\n\t\t\t\t<div class=\"elementor-column elementor-col-50 elementor-top-column elementor-element elementor-element-e886c7a elementor-hidden-mobile\" data-id=\"e886c7a\" data-element_type=\"column\" data-e-type=\"column\">\n\t\t\t<div class=\"elementor-widget-wrap\">\n\t\t\t\t\t\t\t<\/div>\n\t\t<\/div>\n\t\t\t\t\t<\/div>\n\t\t<\/section>\n\t\t\t\t<\/div>\n\t\t","protected":false},"excerpt":{"rendered":"<p>Pol\u00edtica de privacidad Pol\u00edtica de privacidad de German Translation Unit (GTU) Esta pol\u00edtica de privacidad se aplica a nuestra sede German Translation Unit S.L., situada en Espa\u00f1a, y a la filial de nuestra total propiedad GTU German Translation Unit GmbH, situada en Alemania. En esta pol\u00edtica de privacidad se explica c\u00f3mo nuestra organizaci\u00f3n utiliza los &#8230; <a title=\"Pol\u00edtica de privacidad\" class=\"read-more\" href=\"https:\/\/gtu.agency\/es\/politica-de-privacidad\/\" aria-label=\"Leer m\u00e1s sobre Pol\u00edtica de privacidad\">Leer m\u00e1s<\/a><\/p>\n","protected":false},"author":1,"featured_media":0,"parent":0,"menu_order":0,"comment_status":"closed","ping_status":"closed","template":"","meta":{"footnotes":""},"class_list":["post-1679","page","type-page","status-publish"],"yoast_head":"<!-- This site is optimized with the Yoast SEO plugin v27.3 - https:\/\/yoast.com\/product\/yoast-seo-wordpress\/ -->\n<title>Pol\u00edtica de privacidad - GtU<\/title>\n<meta name=\"robots\" content=\"index, follow, max-snippet:-1, max-image-preview:large, max-video-preview:-1\" \/>\n<link rel=\"canonical\" href=\"https:\/\/gtu.agency\/es\/politica-de-privacidad\/\" \/>\n<meta property=\"og:locale\" content=\"es_ES\" \/>\n<meta property=\"og:type\" content=\"article\" \/>\n<meta property=\"og:title\" content=\"Pol\u00edtica de privacidad - GtU\" \/>\n<meta property=\"og:description\" content=\"Pol\u00edtica de privacidad Pol\u00edtica de privacidad de German Translation Unit (GTU) Esta pol\u00edtica de privacidad se aplica a nuestra sede German Translation Unit S.L., situada en Espa\u00f1a, y a la filial de nuestra total propiedad GTU German Translation Unit GmbH, situada en Alemania. En esta pol\u00edtica de privacidad se explica c\u00f3mo nuestra organizaci\u00f3n utiliza los ... Leer m\u00e1s\" \/>\n<meta property=\"og:url\" content=\"https:\/\/gtu.agency\/es\/politica-de-privacidad\/\" \/>\n<meta property=\"og:site_name\" content=\"GtU\" \/>\n<meta property=\"article:modified_time\" content=\"2022-07-15T10:39:25+00:00\" \/>\n<meta name=\"twitter:card\" content=\"summary_large_image\" \/>\n<meta name=\"twitter:label1\" content=\"Tiempo de lectura\" \/>\n\t<meta name=\"twitter:data1\" content=\"5 minutos\" \/>\n<script type=\"application\/ld+json\" class=\"yoast-schema-graph\">{\"@context\":\"https:\\\/\\\/schema.org\",\"@graph\":[{\"@type\":\"WebPage\",\"@id\":\"https:\\\/\\\/gtu.agency\\\/es\\\/politica-de-privacidad\\\/\",\"url\":\"https:\\\/\\\/gtu.agency\\\/es\\\/politica-de-privacidad\\\/\",\"name\":\"Pol\u00edtica de privacidad - GtU\",\"isPartOf\":{\"@id\":\"https:\\\/\\\/gtu.agency\\\/#website\"},\"datePublished\":\"2022-06-23T13:47:20+00:00\",\"dateModified\":\"2022-07-15T10:39:25+00:00\",\"breadcrumb\":{\"@id\":\"https:\\\/\\\/gtu.agency\\\/es\\\/politica-de-privacidad\\\/#breadcrumb\"},\"inLanguage\":\"es\",\"potentialAction\":[{\"@type\":\"ReadAction\",\"target\":[\"https:\\\/\\\/gtu.agency\\\/es\\\/politica-de-privacidad\\\/\"]}]},{\"@type\":\"BreadcrumbList\",\"@id\":\"https:\\\/\\\/gtu.agency\\\/es\\\/politica-de-privacidad\\\/#breadcrumb\",\"itemListElement\":[{\"@type\":\"ListItem\",\"position\":1,\"name\":\"Portada\",\"item\":\"https:\\\/\\\/gtu.agency\\\/de\\\/\"},{\"@type\":\"ListItem\",\"position\":2,\"name\":\"Pol\u00edtica de privacidad\"}]},{\"@type\":\"WebSite\",\"@id\":\"https:\\\/\\\/gtu.agency\\\/#website\",\"url\":\"https:\\\/\\\/gtu.agency\\\/\",\"name\":\"GtU\",\"description\":\"Translation Agency\",\"publisher\":{\"@id\":\"https:\\\/\\\/gtu.agency\\\/#\\\/schema\\\/person\\\/f0aa70d9acb47d7aeba5fbcf24aaf0ba\"},\"potentialAction\":[{\"@type\":\"SearchAction\",\"target\":{\"@type\":\"EntryPoint\",\"urlTemplate\":\"https:\\\/\\\/gtu.agency\\\/?s={search_term_string}\"},\"query-input\":{\"@type\":\"PropertyValueSpecification\",\"valueRequired\":true,\"valueName\":\"search_term_string\"}}],\"inLanguage\":\"es\"},{\"@type\":[\"Person\",\"Organization\"],\"@id\":\"https:\\\/\\\/gtu.agency\\\/#\\\/schema\\\/person\\\/f0aa70d9acb47d7aeba5fbcf24aaf0ba\",\"name\":\"admin\",\"image\":{\"@type\":\"ImageObject\",\"inLanguage\":\"es\",\"@id\":\"https:\\\/\\\/gtu.agency\\\/wp-content\\\/uploads\\\/2022\\\/03\\\/icon-gtu.svg\",\"url\":\"https:\\\/\\\/gtu.agency\\\/wp-content\\\/uploads\\\/2022\\\/03\\\/icon-gtu.svg\",\"contentUrl\":\"https:\\\/\\\/gtu.agency\\\/wp-content\\\/uploads\\\/2022\\\/03\\\/icon-gtu.svg\",\"width\":120,\"height\":65,\"caption\":\"admin\"},\"logo\":{\"@id\":\"https:\\\/\\\/gtu.agency\\\/wp-content\\\/uploads\\\/2022\\\/03\\\/icon-gtu.svg\"}}]}<\/script>\n<!-- \/ Yoast SEO plugin. -->","yoast_head_json":{"title":"Pol\u00edtica de privacidad - GtU","robots":{"index":"index","follow":"follow","max-snippet":"max-snippet:-1","max-image-preview":"max-image-preview:large","max-video-preview":"max-video-preview:-1"},"canonical":"https:\/\/gtu.agency\/es\/politica-de-privacidad\/","og_locale":"es_ES","og_type":"article","og_title":"Pol\u00edtica de privacidad - GtU","og_description":"Pol\u00edtica de privacidad Pol\u00edtica de privacidad de German Translation Unit (GTU) Esta pol\u00edtica de privacidad se aplica a nuestra sede German Translation Unit S.L., situada en Espa\u00f1a, y a la filial de nuestra total propiedad GTU German Translation Unit GmbH, situada en Alemania. En esta pol\u00edtica de privacidad se explica c\u00f3mo nuestra organizaci\u00f3n utiliza los ... Leer m\u00e1s","og_url":"https:\/\/gtu.agency\/es\/politica-de-privacidad\/","og_site_name":"GtU","article_modified_time":"2022-07-15T10:39:25+00:00","twitter_card":"summary_large_image","twitter_misc":{"Tiempo de lectura":"5 minutos"},"schema":{"@context":"https:\/\/schema.org","@graph":[{"@type":"WebPage","@id":"https:\/\/gtu.agency\/es\/politica-de-privacidad\/","url":"https:\/\/gtu.agency\/es\/politica-de-privacidad\/","name":"Pol\u00edtica de privacidad - GtU","isPartOf":{"@id":"https:\/\/gtu.agency\/#website"},"datePublished":"2022-06-23T13:47:20+00:00","dateModified":"2022-07-15T10:39:25+00:00","breadcrumb":{"@id":"https:\/\/gtu.agency\/es\/politica-de-privacidad\/#breadcrumb"},"inLanguage":"es","potentialAction":[{"@type":"ReadAction","target":["https:\/\/gtu.agency\/es\/politica-de-privacidad\/"]}]},{"@type":"BreadcrumbList","@id":"https:\/\/gtu.agency\/es\/politica-de-privacidad\/#breadcrumb","itemListElement":[{"@type":"ListItem","position":1,"name":"Portada","item":"https:\/\/gtu.agency\/de\/"},{"@type":"ListItem","position":2,"name":"Pol\u00edtica de privacidad"}]},{"@type":"WebSite","@id":"https:\/\/gtu.agency\/#website","url":"https:\/\/gtu.agency\/","name":"GtU","description":"Translation Agency","publisher":{"@id":"https:\/\/gtu.agency\/#\/schema\/person\/f0aa70d9acb47d7aeba5fbcf24aaf0ba"},"potentialAction":[{"@type":"SearchAction","target":{"@type":"EntryPoint","urlTemplate":"https:\/\/gtu.agency\/?s={search_term_string}"},"query-input":{"@type":"PropertyValueSpecification","valueRequired":true,"valueName":"search_term_string"}}],"inLanguage":"es"},{"@type":["Person","Organization"],"@id":"https:\/\/gtu.agency\/#\/schema\/person\/f0aa70d9acb47d7aeba5fbcf24aaf0ba","name":"admin","image":{"@type":"ImageObject","inLanguage":"es","@id":"https:\/\/gtu.agency\/wp-content\/uploads\/2022\/03\/icon-gtu.svg","url":"https:\/\/gtu.agency\/wp-content\/uploads\/2022\/03\/icon-gtu.svg","contentUrl":"https:\/\/gtu.agency\/wp-content\/uploads\/2022\/03\/icon-gtu.svg","width":120,"height":65,"caption":"admin"},"logo":{"@id":"https:\/\/gtu.agency\/wp-content\/uploads\/2022\/03\/icon-gtu.svg"}}]}},"_links":{"self":[{"href":"https:\/\/gtu.agency\/es\/wp-json\/wp\/v2\/pages\/1679","targetHints":{"allow":["GET"]}}],"collection":[{"href":"https:\/\/gtu.agency\/es\/wp-json\/wp\/v2\/pages"}],"about":[{"href":"https:\/\/gtu.agency\/es\/wp-json\/wp\/v2\/types\/page"}],"author":[{"embeddable":true,"href":"https:\/\/gtu.agency\/es\/wp-json\/wp\/v2\/users\/1"}],"replies":[{"embeddable":true,"href":"https:\/\/gtu.agency\/es\/wp-json\/wp\/v2\/comments?post=1679"}],"version-history":[{"count":3,"href":"https:\/\/gtu.agency\/es\/wp-json\/wp\/v2\/pages\/1679\/revisions"}],"predecessor-version":[{"id":2107,"href":"https:\/\/gtu.agency\/es\/wp-json\/wp\/v2\/pages\/1679\/revisions\/2107"}],"wp:attachment":[{"href":"https:\/\/gtu.agency\/es\/wp-json\/wp\/v2\/media?parent=1679"}],"curies":[{"name":"wp","href":"https:\/\/api.w.org\/{rel}","templated":true}]}}