{"id":1936,"date":"2022-06-23T13:47:20","date_gmt":"2022-06-23T13:47:20","guid":{"rendered":"https:\/\/gtu.agency\/privacy-policy\/"},"modified":"2022-07-22T13:48:40","modified_gmt":"2022-07-22T13:48:40","slug":"datenschutzbestimmungen","status":"publish","type":"page","link":"https:\/\/gtu.agency\/de\/datenschutzbestimmungen\/","title":{"rendered":"Datenschutzbestimmungen"},"content":{"rendered":"\t\t<div data-elementor-type=\"wp-page\" data-elementor-id=\"1936\" class=\"elementor elementor-1936 elementor-1672\" data-elementor-post-type=\"page\">\n\t\t\t\t\t\t<section class=\"elementor-section elementor-top-section elementor-element elementor-element-cbd6a85 elementor-section-stretched elementor-section-boxed elementor-section-height-default elementor-section-height-default\" data-id=\"cbd6a85\" data-element_type=\"section\" data-e-type=\"section\" data-settings=\"{&quot;stretch_section&quot;:&quot;section-stretched&quot;,&quot;background_background&quot;:&quot;classic&quot;}\">\n\t\t\t\t\t\t<div class=\"elementor-container elementor-column-gap-default\">\n\t\t\t\t\t<div class=\"elementor-column elementor-col-50 elementor-top-column elementor-element elementor-element-4b3e1a1\" data-id=\"4b3e1a1\" data-element_type=\"column\" data-e-type=\"column\">\n\t\t\t<div class=\"elementor-widget-wrap elementor-element-populated\">\n\t\t\t\t\t\t<div class=\"elementor-element elementor-element-fad9de0 elementor-widget elementor-widget-heading\" data-id=\"fad9de0\" data-element_type=\"widget\" data-e-type=\"widget\" data-widget_type=\"heading.default\">\n\t\t\t\t<div class=\"elementor-widget-container\">\n\t\t\t\t\t<h2 class=\"elementor-heading-title elementor-size-default\">Datenschutzbestimmungen<\/h2>\t\t\t\t<\/div>\n\t\t\t\t<\/div>\n\t\t\t\t<div class=\"elementor-element elementor-element-7a9c246 elementor-widget elementor-widget-text-editor\" data-id=\"7a9c246\" data-element_type=\"widget\" data-e-type=\"widget\" data-widget_type=\"text-editor.default\">\n\t\t\t\t<div class=\"elementor-widget-container\">\n\t\t\t\t\t\t\t\t\t<p><strong>German Translation Unit (GTU) \u2013 Datenschutzbestimmungen<\/strong><\/p>\n<p>Diese Datenschutzbestimmungen gelten f\u00fcr unseren Hauptsitz, German Translation Unit S.L., mit Sitz in Spanien und unsere hundertprozentige Tochtergesellschaft, GTU German Translation Unit GmbH, mit Sitz in Deutschland. In dieser Datenschutzerkl\u00e4rung wird erl\u00e4utert, wie unsere Organisation die personenbezogenen Daten verwendet, die wir von Ihnen bei der Nutzung unserer Website erheben.<\/p>\n<p>Themen:<\/p>\n<ul>\n<li>Welche Daten sammeln wir?<\/li>\n<li>Wie sammeln wir Ihre Daten?<\/li>\n<li>Wie werden wir Ihre Daten verwenden?<\/li>\n<li>Wie speichern wir Ihre Daten?<\/li>\n<li>Marketing<\/li>\n<li>Welche Rechte haben Sie in Bezug auf den Datenschutz?<\/li>\n<li>Was sind Cookies?<\/li>\n<li>Wie verwenden wir Cookies?<\/li>\n<li>Welche Arten von Cookies verwenden wir?<\/li>\n<li>So k\u00f6nnen Sie Ihre Cookies verwalten<\/li>\n<li>Datenschutzrichtlinien anderer Websites<\/li>\n<li>\u00c4nderungen an unseren Datenschutzbestimmungen<\/li>\n<li>So k\u00f6nnen Sie uns kontaktieren<\/li>\n<li>Kontaktaufnahme mit den zust\u00e4ndigen Beh\u00f6rden<\/li>\n<\/ul>\n<p>Welche Daten sammeln wir?<\/p>\n<p>GTU sammelt die folgenden Daten:<\/p>\n<ul>\n<li>Pers\u00f6nliche Identifikationsdaten (Name, E-Mail-Adresse, Telefonnummer)<\/li>\n<\/ul>\n<p><strong>Wie sammeln wir Ihre Daten?<\/strong><\/p>\n<p>Die meisten der von uns erfassten Daten werden GTU direkt von Ihnen zur Verf\u00fcgung gestellt. Wir sammeln Daten und verarbeiten Daten, wenn Sie:<\/p>\n<ul>\n<li>Uns \u00fcber das Kontaktformular auf unserer Website kontaktieren<\/li>\n<li>Sich online registrieren oder eine Bestellung f\u00fcr eines unserer Produkte oder eine unserer Dienstleistungen aufgeben.<\/li>\n<li>Freiwillig eine Kundenumfrage ausf\u00fcllen oder auf einem unserer Messageboards oder per E-Mail Feedback geben.<\/li>\n<li>Unsere Website \u00fcber die Cookies Ihres Browsers nutzen oder ansehen.<\/li>\n<\/ul>\n<p><strong>Wie werden wir Ihre Daten verwenden?<\/strong><\/p>\n<p>GTU sammelt Ihre Daten, damit wir:<\/p>\n<ul>\n<li>Ihre Bestellung bearbeiten und Ihr Konto verwalten k\u00f6nnen.<\/li>\n<li>Sie per E-Mail \u00fcber Sonderangebote f\u00fcr andere Produkte und Dienstleistungen informieren k\u00f6nnen, die Sie interessieren k\u00f6nnten.<\/li>\n<\/ul>\n<p>Wenn GTU Ihre Bestellung bearbeitet, k\u00f6nnen wir Ihre Daten an Kreditauskunfteien \u00fcbermitteln und die daraus resultierenden Informationen nutzen, um betr\u00fcgerische K\u00e4ufe zu verhindern.<\/p>\n<p><span style=\"color: var( --e-global-color-text ); background-color: var( --e-global-color-primary );\"><b>Wie speichern wir Ihre Daten?<\/b><\/span><\/p>\n<div><p><b><br><\/b><\/p>\n<p>Die D<span style=\"color: var( --e-global-color-text ); background-color: var( --e-global-color-primary );\">aten werden gel\u00f6scht, sobald sie f\u00fcr die Erreichung des Zweckes ihrer Erhebung nicht mehr erforderlich sind. Pers\u00f6nliche Daten, die im Laufe eines Bewerbungsprozesses gesammelt wurden, werden nach 120 Tagen automatisch gel\u00f6scht.<\/span><\/p>\n<p><strong>Marketing<\/strong><\/p>\n<p>GTU m\u00f6chte Ihnen gerne Informationen \u00fcber unsere Produkte und Dienstleistungen zusenden, die Ihnen gefallen k\u00f6nnten.<\/p>\n<p>Wenn Sie dem Erhalt von Werbung zugestimmt haben, k\u00f6nnen Sie sich jederzeit zu einem sp\u00e4teren Zeitpunkt abmelden.<\/p>\n<p>Sie haben das Recht, jederzeit zu verhindern, dass GTU Sie zu Marketingzwecken kontaktiert oder Ihre Daten an andere Mitglieder der GTU-Gruppe weitergibt.<\/p>\n<p><strong>Welche Rechte haben Sie in Bezug auf den Datenschutz?<\/strong><\/p>\n<p>GTU m\u00f6chte sicherstellen, dass Sie \u00fcber alle Ihre Datenschutzrechte informiert sind. Jeder Benutzer hat Anspruch auf Folgendes:<\/p>\n<p><strong>Das Recht auf Zugriff<\/strong>&nbsp;\u2013 Sie haben das Recht, von GTU Kopien Ihrer personenbezogenen Daten zu verlangen.<\/p>\n<p><strong>Das Recht auf Berichtigung<\/strong>&nbsp;\u2013 Sie haben das Recht, von GTU die Berichtigung von Informationen zu verlangen, die Sie f\u00fcr unrichtig halten. Sie haben auch das Recht, von GTU aufzufordern, die Informationen, die Sie f\u00fcr unvollst\u00e4ndig halten, zu erg\u00e4nzen.<\/p>\n<p><strong>Das Recht auf L\u00f6schung<\/strong>&nbsp;\u2013 Sie haben das Recht, von GTU unter bestimmten Bedingungen die L\u00f6schung Ihrer personenbezogenen Daten zu verlangen.<\/p>\n<p><strong>Das Recht auf Einschr\u00e4nkung der Verarbeitung<\/strong>&nbsp;\u2013 Sie haben das Recht, zu verlangen, dass GTU die Verarbeitung Ihrer personenbezogenen Daten unter bestimmten Bedingungen einschr\u00e4nkt.<\/p>\n<p><strong>Das Recht auf Widerspruch gegen die Verarbeitung<\/strong>&nbsp;\u2013 Sie haben das Recht, der Verarbeitung Ihrer personenbezogenen Daten durch GTU unter bestimmten Voraussetzungen zu widersprechen.<\/p>\n<p><strong>Das Recht auf Daten\u00fcbertragbarkeit<\/strong>&nbsp;\u2013 Sie haben das Recht, zu verlangen, dass GTU die von uns gesammelten Daten unter bestimmten Bedingungen an eine andere Organisation oder direkt an Sie \u00fcbermittelt.<\/p>\n<p>Wenn Sie einen Antrag stellen, haben wir einen Monat Zeit, Ihnen zu antworten. Wenn Sie eines dieser Rechte aus\u00fcben m\u00f6chten, wenden Sie sich bitte an unsere E-Mail-Adresse: privacy@gtu.agency<\/p>\n<p><strong>Cookies<\/strong><\/p>\n<p>Cookies sind Textdateien, die auf Ihrem Computer abgelegt werden, um Standard-Internetprotokolldaten und Informationen \u00fcber das Besucherverhalten zu sammeln. Wenn Sie unsere Websites besuchen, k\u00f6nnen wir automatisch Informationen \u00fcber Sie durch Cookies oder \u00e4hnliche Technologien sammeln.<\/p>\n<p>Weitere Informationen finden Sie unter allaboutcookies.org.<\/p>\n<p><strong>Wie verwenden wir Cookies?<\/strong><\/p>\n<p>GTU verwendet Cookies auf verschiedene Weise, um Ihre Erfahrung auf unserer Website zu verbessern, darunter:<\/p>\n<ul>\n<li>Erm\u00f6glichen, dass Sie angemeldet bleiben k\u00f6nnen,<\/li>\n<li>Ermitteln, wie Sie unsere Website nutzen.<\/li>\n<\/ul>\n<p><strong>Welche Arten von Cookies verwenden wir?<\/strong><\/p>\n<p>Es gibt eine Reihe verschiedener Arten von Cookies. Unsere Website verwendet Cookies f\u00fcr die folgenden Zwecke:<\/p>\n<ul>\n<li>Funktionalit\u00e4t \u2013 GTU verwendet diese Cookies, damit wir Sie auf unserer Website wiedererkennen und uns an Ihre zuvor gew\u00e4hlten Einstellungen erinnern. Dazu k\u00f6nnte geh\u00f6ren, welche Sprache Sie bevorzugen und wo Sie sich aufhalten. Es wird eine Mischung aus Erstanbieter- und Drittanbieter-Cookies verwendet.<\/li>\n<li>Werbung \u2013 GTU verwendet diese Cookies, um Informationen \u00fcber Ihren Besuch auf unserer Website, die von Ihnen angesehenen Inhalte, die von Ihnen verfolgten Links und Informationen \u00fcber Ihren Browser, Ihr Endger\u00e4t und Ihre IP-Adresse zu sammeln. GTU gibt manchmal einige begrenzte Aspekte dieser Daten zu Werbezwecken an Dritte weiter. Wir k\u00f6nnen die durch Cookies gesammelten Online-Daten auch an unsere Werbepartner weitergeben. Das bedeutet, dass Ihnen beim Besuch einer anderen Website m\u00f6glicherweise Werbung angezeigt wird, die auf Ihrem Surfverhalten auf unserer Website basiert.<\/li>\n<\/ul>\n<p><strong>So k\u00f6nnen Sie Cookies verwalten<\/strong><\/p>\n<p>Sie k\u00f6nnen Ihren Browser so einstellen, dass er keine Cookies annimmt, und auf der oben genannten Website erfahren Sie, wie Sie Cookies aus Ihrem Browser entfernen k\u00f6nnen. In einigen wenigen F\u00e4llen kann dies jedoch dazu f\u00fchren, dass einige Funktionen unserer Website nicht funktionieren.<\/p>\n<p><strong>Datenschutzrichtlinien anderer Websites<\/strong><\/p>\n<p>Die GTU-Website enth\u00e4lt Links zu anderen Websites. Wenn Sie also auf einen Link zu einer anderen Website klicken, sollten Sie deren Datenschutzrichtlinien lesen.<\/p>\n<p><strong>\u00c4nderungen an unseren Datenschutzbestimmungen<\/strong><\/p>\n<p>GTU \u00fcberpr\u00fcft die Datenschutzbestimmungen regelm\u00e4\u00dfig und ver\u00f6ffentlicht eventuelle Aktualisierungen auf dieser Webseite. Diese Datenschutzbestimmungen wurden zuletzt am 15. Februar 2021 aktualisiert.<\/p>\n<p><strong>So k\u00f6nnen Sie uns kontaktieren<\/strong><\/p>\n<p>Wenn Sie Fragen zu den Datenschutzbestimmungen von GTU haben oder zu den Daten, die wir \u00fcber Sie speichern, oder wenn Sie eines Ihrer Datenschutzrechte aus\u00fcben m\u00f6chten, z\u00f6gern Sie bitte nicht, uns zu kontaktieren.<\/p>\n<p>Schicken Sie eine E-Mail an: privacy@gtu.agency<\/p>\n<p><strong>Kontaktaufnahme mit der zust\u00e4ndigen Beh\u00f6rde<\/strong><\/p>\n<p>Wenn Sie eine Beschwerde einreichen m\u00f6chten oder das Gef\u00fchl haben, dass GTU Ihr Anliegen nicht zufriedenstellend behandelt hat, k\u00f6nnen Sie sich an die zust\u00e4ndige Beh\u00f6rde f\u00fcr Datenschutz wenden.<\/p>\n<p>Agencia Espa\u00f1ola de Protecci\u00f3n de Datos (AEPD)<\/p>\n<p>C\/Jorge Juan, 6<\/p>\n<p>28001 Madrid<\/p>\n<p>Tel. +34 91 266 3517<\/p>\n<p>Fax +34 91 455 5699<\/p>\n<p>E-Mail:&nbsp;<a href=\"mailto:internacional@aepd.es\">internacional@aepd.es<\/a><\/p>\n<p>Website:&nbsp;<a href=\"https:\/\/www.aepd.es\/\">https:\/\/www.aepd.es\/<\/a><\/p>\n<\/div>\t\t\t\t\t\t\t\t<\/div>\n\t\t\t\t<\/div>\n\t\t\t\t\t<\/div>\n\t\t<\/div>\n\t\t\t\t<div class=\"elementor-column elementor-col-50 elementor-top-column elementor-element elementor-element-e886c7a elementor-hidden-mobile\" data-id=\"e886c7a\" data-element_type=\"column\" data-e-type=\"column\">\n\t\t\t<div class=\"elementor-widget-wrap\">\n\t\t\t\t\t\t\t<\/div>\n\t\t<\/div>\n\t\t\t\t\t<\/div>\n\t\t<\/section>\n\t\t\t\t<\/div>\n\t\t","protected":false},"excerpt":{"rendered":"<p>Datenschutzbestimmungen German Translation Unit (GTU) \u2013 Datenschutzbestimmungen Diese Datenschutzbestimmungen gelten f\u00fcr unseren Hauptsitz, German Translation Unit S.L., mit Sitz in Spanien und unsere hundertprozentige Tochtergesellschaft, GTU German Translation Unit GmbH, mit Sitz in Deutschland. In dieser Datenschutzerkl\u00e4rung wird erl\u00e4utert, wie unsere Organisation die personenbezogenen Daten verwendet, die wir von Ihnen bei der Nutzung unserer Website &#8230; <a title=\"Datenschutzbestimmungen\" class=\"read-more\" href=\"https:\/\/gtu.agency\/de\/datenschutzbestimmungen\/\" aria-label=\"Mehr Informationen \u00fcber Datenschutzbestimmungen\">Weiterlesen<\/a><\/p>\n","protected":false},"author":1,"featured_media":0,"parent":0,"menu_order":0,"comment_status":"closed","ping_status":"closed","template":"","meta":{"footnotes":""},"class_list":["post-1936","page","type-page","status-publish"],"yoast_head":"<!-- This site is optimized with the Yoast SEO plugin v27.5 - https:\/\/yoast.com\/product\/yoast-seo-wordpress\/ -->\n<title>Datenschutzbestimmungen - GTU<\/title>\n<meta name=\"robots\" content=\"index, follow, max-snippet:-1, max-image-preview:large, max-video-preview:-1\" \/>\n<link rel=\"canonical\" href=\"https:\/\/gtu.agency\/de\/datenschutzbestimmungen\/\" \/>\n<meta property=\"og:locale\" content=\"de_DE\" \/>\n<meta property=\"og:type\" content=\"article\" \/>\n<meta property=\"og:title\" content=\"Datenschutzbestimmungen - GTU\" \/>\n<meta property=\"og:description\" content=\"Datenschutzbestimmungen German Translation Unit (GTU) \u2013 Datenschutzbestimmungen Diese Datenschutzbestimmungen gelten f\u00fcr unseren Hauptsitz, German Translation Unit S.L., mit Sitz in Spanien und unsere hundertprozentige Tochtergesellschaft, GTU German Translation Unit GmbH, mit Sitz in Deutschland. In dieser Datenschutzerkl\u00e4rung wird erl\u00e4utert, wie unsere Organisation die personenbezogenen Daten verwendet, die wir von Ihnen bei der Nutzung unserer Website ... Weiterlesen\" \/>\n<meta property=\"og:url\" content=\"https:\/\/gtu.agency\/de\/datenschutzbestimmungen\/\" \/>\n<meta property=\"og:site_name\" content=\"GTU\" \/>\n<meta property=\"article:modified_time\" content=\"2022-07-22T13:48:40+00:00\" \/>\n<meta name=\"twitter:card\" content=\"summary_large_image\" \/>\n<meta name=\"twitter:label1\" content=\"Gesch\u00e4tzte Lesezeit\" \/>\n\t<meta name=\"twitter:data1\" content=\"6\u00a0Minuten\" \/>\n<script type=\"application\/ld+json\" class=\"yoast-schema-graph\">{\"@context\":\"https:\\\/\\\/schema.org\",\"@graph\":[{\"@type\":\"WebPage\",\"@id\":\"https:\\\/\\\/gtu.agency\\\/de\\\/datenschutzbestimmungen\\\/\",\"url\":\"https:\\\/\\\/gtu.agency\\\/de\\\/datenschutzbestimmungen\\\/\",\"name\":\"Datenschutzbestimmungen - GTU\",\"isPartOf\":{\"@id\":\"https:\\\/\\\/gtu.agency\\\/#website\"},\"datePublished\":\"2022-06-23T13:47:20+00:00\",\"dateModified\":\"2022-07-22T13:48:40+00:00\",\"breadcrumb\":{\"@id\":\"https:\\\/\\\/gtu.agency\\\/de\\\/datenschutzbestimmungen\\\/#breadcrumb\"},\"inLanguage\":\"de\",\"potentialAction\":[{\"@type\":\"ReadAction\",\"target\":[\"https:\\\/\\\/gtu.agency\\\/de\\\/datenschutzbestimmungen\\\/\"]}]},{\"@type\":\"BreadcrumbList\",\"@id\":\"https:\\\/\\\/gtu.agency\\\/de\\\/datenschutzbestimmungen\\\/#breadcrumb\",\"itemListElement\":[{\"@type\":\"ListItem\",\"position\":1,\"name\":\"Portada\",\"item\":\"https:\\\/\\\/gtu.agency\\\/de\\\/\"},{\"@type\":\"ListItem\",\"position\":2,\"name\":\"Datenschutzbestimmungen\"}]},{\"@type\":\"WebSite\",\"@id\":\"https:\\\/\\\/gtu.agency\\\/#website\",\"url\":\"https:\\\/\\\/gtu.agency\\\/\",\"name\":\"GTU\",\"description\":\"Translation Agency\",\"publisher\":{\"@id\":\"https:\\\/\\\/gtu.agency\\\/#\\\/schema\\\/person\\\/f0aa70d9acb47d7aeba5fbcf24aaf0ba\"},\"potentialAction\":[{\"@type\":\"SearchAction\",\"target\":{\"@type\":\"EntryPoint\",\"urlTemplate\":\"https:\\\/\\\/gtu.agency\\\/?s={search_term_string}\"},\"query-input\":{\"@type\":\"PropertyValueSpecification\",\"valueRequired\":true,\"valueName\":\"search_term_string\"}}],\"inLanguage\":\"de\"},{\"@type\":[\"Person\",\"Organization\"],\"@id\":\"https:\\\/\\\/gtu.agency\\\/#\\\/schema\\\/person\\\/f0aa70d9acb47d7aeba5fbcf24aaf0ba\",\"name\":\"admin\",\"image\":{\"@type\":\"ImageObject\",\"inLanguage\":\"de\",\"@id\":\"https:\\\/\\\/gtu.agency\\\/wp-content\\\/uploads\\\/2022\\\/03\\\/icon-gtu.svg\",\"url\":\"https:\\\/\\\/gtu.agency\\\/wp-content\\\/uploads\\\/2022\\\/03\\\/icon-gtu.svg\",\"contentUrl\":\"https:\\\/\\\/gtu.agency\\\/wp-content\\\/uploads\\\/2022\\\/03\\\/icon-gtu.svg\",\"width\":120,\"height\":65,\"caption\":\"admin\"},\"logo\":{\"@id\":\"https:\\\/\\\/gtu.agency\\\/wp-content\\\/uploads\\\/2022\\\/03\\\/icon-gtu.svg\"}}]}<\/script>\n<!-- \/ Yoast SEO plugin. -->","yoast_head_json":{"title":"Datenschutzbestimmungen - GTU","robots":{"index":"index","follow":"follow","max-snippet":"max-snippet:-1","max-image-preview":"max-image-preview:large","max-video-preview":"max-video-preview:-1"},"canonical":"https:\/\/gtu.agency\/de\/datenschutzbestimmungen\/","og_locale":"de_DE","og_type":"article","og_title":"Datenschutzbestimmungen - GTU","og_description":"Datenschutzbestimmungen German Translation Unit (GTU) \u2013 Datenschutzbestimmungen Diese Datenschutzbestimmungen gelten f\u00fcr unseren Hauptsitz, German Translation Unit S.L., mit Sitz in Spanien und unsere hundertprozentige Tochtergesellschaft, GTU German Translation Unit GmbH, mit Sitz in Deutschland. In dieser Datenschutzerkl\u00e4rung wird erl\u00e4utert, wie unsere Organisation die personenbezogenen Daten verwendet, die wir von Ihnen bei der Nutzung unserer Website ... Weiterlesen","og_url":"https:\/\/gtu.agency\/de\/datenschutzbestimmungen\/","og_site_name":"GTU","article_modified_time":"2022-07-22T13:48:40+00:00","twitter_card":"summary_large_image","twitter_misc":{"Gesch\u00e4tzte Lesezeit":"6\u00a0Minuten"},"schema":{"@context":"https:\/\/schema.org","@graph":[{"@type":"WebPage","@id":"https:\/\/gtu.agency\/de\/datenschutzbestimmungen\/","url":"https:\/\/gtu.agency\/de\/datenschutzbestimmungen\/","name":"Datenschutzbestimmungen - GTU","isPartOf":{"@id":"https:\/\/gtu.agency\/#website"},"datePublished":"2022-06-23T13:47:20+00:00","dateModified":"2022-07-22T13:48:40+00:00","breadcrumb":{"@id":"https:\/\/gtu.agency\/de\/datenschutzbestimmungen\/#breadcrumb"},"inLanguage":"de","potentialAction":[{"@type":"ReadAction","target":["https:\/\/gtu.agency\/de\/datenschutzbestimmungen\/"]}]},{"@type":"BreadcrumbList","@id":"https:\/\/gtu.agency\/de\/datenschutzbestimmungen\/#breadcrumb","itemListElement":[{"@type":"ListItem","position":1,"name":"Portada","item":"https:\/\/gtu.agency\/de\/"},{"@type":"ListItem","position":2,"name":"Datenschutzbestimmungen"}]},{"@type":"WebSite","@id":"https:\/\/gtu.agency\/#website","url":"https:\/\/gtu.agency\/","name":"GTU","description":"Translation Agency","publisher":{"@id":"https:\/\/gtu.agency\/#\/schema\/person\/f0aa70d9acb47d7aeba5fbcf24aaf0ba"},"potentialAction":[{"@type":"SearchAction","target":{"@type":"EntryPoint","urlTemplate":"https:\/\/gtu.agency\/?s={search_term_string}"},"query-input":{"@type":"PropertyValueSpecification","valueRequired":true,"valueName":"search_term_string"}}],"inLanguage":"de"},{"@type":["Person","Organization"],"@id":"https:\/\/gtu.agency\/#\/schema\/person\/f0aa70d9acb47d7aeba5fbcf24aaf0ba","name":"admin","image":{"@type":"ImageObject","inLanguage":"de","@id":"https:\/\/gtu.agency\/wp-content\/uploads\/2022\/03\/icon-gtu.svg","url":"https:\/\/gtu.agency\/wp-content\/uploads\/2022\/03\/icon-gtu.svg","contentUrl":"https:\/\/gtu.agency\/wp-content\/uploads\/2022\/03\/icon-gtu.svg","width":120,"height":65,"caption":"admin"},"logo":{"@id":"https:\/\/gtu.agency\/wp-content\/uploads\/2022\/03\/icon-gtu.svg"}}]}},"_links":{"self":[{"href":"https:\/\/gtu.agency\/de\/wp-json\/wp\/v2\/pages\/1936","targetHints":{"allow":["GET"]}}],"collection":[{"href":"https:\/\/gtu.agency\/de\/wp-json\/wp\/v2\/pages"}],"about":[{"href":"https:\/\/gtu.agency\/de\/wp-json\/wp\/v2\/types\/page"}],"author":[{"embeddable":true,"href":"https:\/\/gtu.agency\/de\/wp-json\/wp\/v2\/users\/1"}],"replies":[{"embeddable":true,"href":"https:\/\/gtu.agency\/de\/wp-json\/wp\/v2\/comments?post=1936"}],"version-history":[{"count":3,"href":"https:\/\/gtu.agency\/de\/wp-json\/wp\/v2\/pages\/1936\/revisions"}],"predecessor-version":[{"id":9784,"href":"https:\/\/gtu.agency\/de\/wp-json\/wp\/v2\/pages\/1936\/revisions\/9784"}],"wp:attachment":[{"href":"https:\/\/gtu.agency\/de\/wp-json\/wp\/v2\/media?parent=1936"}],"curies":[{"name":"wp","href":"https:\/\/api.w.org\/{rel}","templated":true}]}}