{"id":1882,"date":"2022-03-25T10:01:04","date_gmt":"2022-03-25T10:01:04","guid":{"rendered":"https:\/\/gtu.agency\/?page_id=1882"},"modified":"2023-03-16T15:41:47","modified_gmt":"2023-03-16T15:41:47","slug":"blog","status":"publish","type":"page","link":"https:\/\/gtu.agency\/de\/blog\/","title":{"rendered":"blog"},"content":{"rendered":"\t\t<div data-elementor-type=\"wp-page\" data-elementor-id=\"1882\" class=\"elementor elementor-1882 elementor-403\" data-elementor-post-type=\"page\">\n\t\t\t\t\t\t<section class=\"elementor-section elementor-top-section elementor-element elementor-element-81e20ea elementor-section-stretched elementor-section-height-full elementor-section-boxed elementor-section-height-default elementor-section-items-middle\" data-id=\"81e20ea\" data-element_type=\"section\" data-e-type=\"section\" data-settings=\"{&quot;stretch_section&quot;:&quot;section-stretched&quot;,&quot;background_background&quot;:&quot;classic&quot;}\">\n\t\t\t\t\t\t<div class=\"elementor-container elementor-column-gap-default\">\n\t\t\t\t\t<div class=\"elementor-column elementor-col-100 elementor-top-column elementor-element elementor-element-92f8910\" data-id=\"92f8910\" data-element_type=\"column\" data-e-type=\"column\">\n\t\t\t<div class=\"elementor-widget-wrap elementor-element-populated\">\n\t\t\t\t\t\t<div class=\"elementor-element elementor-element-68180ef elementor-widget elementor-widget-heading\" data-id=\"68180ef\" data-element_type=\"widget\" data-e-type=\"widget\" data-widget_type=\"heading.default\">\n\t\t\t\t<div class=\"elementor-widget-container\">\n\t\t\t\t\t<h2 class=\"elementor-heading-title elementor-size-default\">Blog<\/h2>\t\t\t\t<\/div>\n\t\t\t\t<\/div>\n\t\t\t\t<div class=\"elementor-element elementor-element-9168cd9 elementor-widget elementor-widget-jet-blog-smart-tiles\" data-id=\"9168cd9\" data-element_type=\"widget\" data-e-type=\"widget\" data-widget_type=\"jet-blog-smart-tiles.default\">\n\t\t\t\t<div class=\"elementor-widget-container\">\n\t\t\t\t\t<div class=\"elementor-jet-blog-smart-tiles jet-blog\"><div class=\"jet-smart-tiles-wrap jet-smart-tiles-carousel jet-arrows-on-hover\" data-slider-atts='{\"adaptiveHeight\":true,\"arrows\":false,\"prevArrow\":\"<i class=\\\"jet-arrow-prev jet-blog-arrow\\\"><svg width=\\\"24\\\" height=\\\"24\\\" viewBox=\\\"0 0 24 24\\\" fill=\\\"none\\\" xmlns=\\\"http:\\\/\\\/www.w3.org\\\/2000\\\/svg\\\"><path d=\\\"M14.625 5.3999L16.3 7.0749L11.35 12.0249L16.3 16.9749L14.625 18.6499L7.99999 12.0249L14.625 5.3999Z\\\" fill=\\\"#0F172A\\\"\\\/><\\\/svg><\\\/i>\",\"nextArrow\":\"<i class=\\\"jet-arrow-next jet-blog-arrow\\\"><svg width=\\\"24\\\" height=\\\"24\\\" viewBox=\\\"0 0 24 24\\\" fill=\\\"none\\\" xmlns=\\\"http:\\\/\\\/www.w3.org\\\/2000\\\/svg\\\"><path d=\\\"M9.37501 18.6001L7.70001 16.9251L12.65 11.9751L7.70001 7.0251L9.37501 5.3501L16 11.9751L9.37501 18.6001Z\\\" fill=\\\"#0F172A\\\"\\\/><\\\/svg><\\\/i>\",\"autoplay\":true,\"autoplaySpeed\":5000,\"rtl\":false}' dir=\"ltr\"><div class=\"jet-smart-tiles-slide\"><div class=\"jet-smart-tiles-slide__wrap layout-1-1-2-h\" ><div class=\"jet-smart-tiles\">\n\t<div class=\"jet-smart-tiles__box\" style=\"background-image:url(&#039;https:\/\/gtu.agency\/wp-content\/uploads\/2023\/01\/Can-I-forget-my-own-language.jpg&#039;)\">\n\t\t\t\t<div class=\"jet-smart-tiles__box-content\">\n\t\t\t<div class=\"jet-smart-tiles__box-content-inner\">\n\t\t\t\t<div class=\"jet-smart-tiles__meta\"><span class=\"post__date post-meta__item jet-smart-tiles__meta-item\"><span  class=\"post__date-link \" ><time datetime=\"2023-03-28T15:08:49+00:00\" title=\"2023-03-28T15:08:49+00:00\">28. M\u00e4rz 2023<\/time><\/span><\/span><\/div>\t\t\t\t\t\t\t\t<div class=\"jet-smart-tiles__box-title\">Kann ich meine eigene Sprache vergessen?<\/div>\t\t\t\t\t\t\t\t\t\t\t\t\t\t\t\t\t\t\t<\/div>\n\t\t<\/div>\n\t\t<a href=\"https:\/\/gtu.agency\/de\/kann-ich-meine-eigene-sprache-vergessen\/\" class=\"jet-smart-tiles__box-link\" aria-label=\"Kann ich meine eigene Sprache vergessen?\"><\/a>\n\t<\/div>\n<\/div><div class=\"jet-smart-tiles\">\n\t<div class=\"jet-smart-tiles__box\" style=\"background-image:url(&#039;https:\/\/gtu.agency\/wp-content\/uploads\/2022\/06\/Blog-008-featured-image.png&#039;)\">\n\t\t\t\t<div class=\"jet-smart-tiles__box-content\">\n\t\t\t<div class=\"jet-smart-tiles__box-content-inner\">\n\t\t\t\t<div class=\"jet-smart-tiles__meta\"><span class=\"post__date post-meta__item jet-smart-tiles__meta-item\"><span  class=\"post__date-link \" ><time datetime=\"2023-03-28T14:35:16+00:00\" title=\"2023-03-28T14:35:16+00:00\">28. M\u00e4rz 2023<\/time><\/span><\/span><\/div>\t\t\t\t\t\t\t\t<div class=\"jet-smart-tiles__box-title\">Warum sind \u00dcbersetzungen in den Kommunikationsmedien wichtig?<\/div>\t\t\t\t\t\t\t\t\t\t\t\t\t\t\t\t\t\t\t<\/div>\n\t\t<\/div>\n\t\t<a href=\"https:\/\/gtu.agency\/de\/uebersetzung-in-den-kommunikationsmedien\/\" class=\"jet-smart-tiles__box-link\" aria-label=\"Warum sind \u00dcbersetzungen in den Kommunikationsmedien wichtig?\"><\/a>\n\t<\/div>\n<\/div><div class=\"jet-smart-tiles\">\n\t<div class=\"jet-smart-tiles__box\" style=\"background-image:url(&#039;https:\/\/gtu.agency\/wp-content\/uploads\/2023\/01\/polysem-maschine-ubersetzung-machine-translation.jpg&#039;)\">\n\t\t\t\t<div class=\"jet-smart-tiles__box-content\">\n\t\t\t<div class=\"jet-smart-tiles__box-content-inner\">\n\t\t\t\t<div class=\"jet-smart-tiles__meta\"><span class=\"post__date post-meta__item jet-smart-tiles__meta-item\"><span  class=\"post__date-link \" ><time datetime=\"2023-01-17T11:45:09+00:00\" title=\"2023-01-17T11:45:09+00:00\">17. Januar 2023<\/time><\/span><\/span><\/div>\t\t\t\t\t\t\t\t<div class=\"jet-smart-tiles__box-title\">Am Marterpfahl der Polyseme<\/div>\t\t\t\t\t\t\t\t\t\t\t\t\t\t\t\t\t\t\t<\/div>\n\t\t<\/div>\n\t\t<a href=\"https:\/\/gtu.agency\/de\/am-marterpfahl-der-polyseme\/\" class=\"jet-smart-tiles__box-link\" aria-label=\"Am Marterpfahl der Polyseme\"><\/a>\n\t<\/div>\n<\/div><div class=\"jet-smart-tiles\">\n\t<div class=\"jet-smart-tiles__box\" style=\"background-image:url(&#039;https:\/\/gtu.agency\/wp-content\/uploads\/2022\/11\/fjall-raven-content-strategie_hires.jpg&#039;)\">\n\t\t\t\t<div class=\"jet-smart-tiles__box-content\">\n\t\t\t<div class=\"jet-smart-tiles__box-content-inner\">\n\t\t\t\t<div class=\"jet-smart-tiles__meta\"><span class=\"post__date post-meta__item jet-smart-tiles__meta-item\"><span  class=\"post__date-link \" ><time datetime=\"2022-11-29T15:49:25+00:00\" title=\"2022-11-29T15:49:25+00:00\">29. November 2022<\/time><\/span><\/span><\/div>\t\t\t\t\t\t\t\t<div class=\"jet-smart-tiles__box-title\">Die Contentstrategie von Fj\u00e4llr\u00e4ven: eine SWOT-Analyse<\/div>\t\t\t\t\t\t\t\t\t\t\t\t\t\t\t\t\t\t\t<\/div>\n\t\t<\/div>\n\t\t<a href=\"https:\/\/gtu.agency\/de\/contentstrategie-fjallraven-swot-analyse\/\" class=\"jet-smart-tiles__box-link\" aria-label=\"Die Contentstrategie von Fj\u00e4llr\u00e4ven: eine SWOT-Analyse\"><\/a>\n\t<\/div>\n<\/div><\/div><\/div><div class=\"jet-smart-tiles-slide\"><div class=\"jet-smart-tiles-slide__wrap layout-1-1-2-h\" ><div class=\"jet-smart-tiles\">\n\t<div class=\"jet-smart-tiles__box\" style=\"background-image:url(&#039;https:\/\/gtu.agency\/wp-content\/uploads\/2022\/11\/Ubersetzer_lores.png&#039;)\">\n\t\t\t\t<div class=\"jet-smart-tiles__box-content\">\n\t\t\t<div class=\"jet-smart-tiles__box-content-inner\">\n\t\t\t\t<div class=\"jet-smart-tiles__meta\"><span class=\"post__date post-meta__item jet-smart-tiles__meta-item\"><span  class=\"post__date-link \" ><time datetime=\"2022-11-23T16:17:06+00:00\" title=\"2022-11-23T16:17:06+00:00\">23. November 2022<\/time><\/span><\/span><\/div>\t\t\t\t\t\t\t\t<div class=\"jet-smart-tiles__box-title\">Wie schwer ist der Job eines \u00dcbersetzers?<\/div>\t\t\t\t\t\t\t\t\t\t\t\t\t\t\t\t\t\t\t<\/div>\n\t\t<\/div>\n\t\t<a href=\"https:\/\/gtu.agency\/de\/wie-schwer-ist-der-job-eines-uebersetzers\/\" class=\"jet-smart-tiles__box-link\" aria-label=\"Wie schwer ist der Job eines \u00dcbersetzers?\"><\/a>\n\t<\/div>\n<\/div><div class=\"jet-smart-tiles\">\n\t<div class=\"jet-smart-tiles__box\" style=\"background-image:url(&#039;https:\/\/gtu.agency\/wp-content\/uploads\/2022\/11\/Mehr-Reichweite-auf-YouTube.jpg&#039;)\">\n\t\t\t\t<div class=\"jet-smart-tiles__box-content\">\n\t\t\t<div class=\"jet-smart-tiles__box-content-inner\">\n\t\t\t\t<div class=\"jet-smart-tiles__meta\"><span class=\"post__date post-meta__item jet-smart-tiles__meta-item\"><span  class=\"post__date-link \" ><time datetime=\"2022-11-23T16:09:56+00:00\" title=\"2022-11-23T16:09:56+00:00\">23. November 2022<\/time><\/span><\/span><\/div>\t\t\t\t\t\t\t\t<div class=\"jet-smart-tiles__box-title\">Mehr Reichweite auf YouTube: Untertitel f\u00fcr dein Business<\/div>\t\t\t\t\t\t\t\t\t\t\t\t\t\t\t\t\t\t\t<\/div>\n\t\t<\/div>\n\t\t<a href=\"https:\/\/gtu.agency\/de\/untertitel-auf-youtube\/\" class=\"jet-smart-tiles__box-link\" aria-label=\"Mehr Reichweite auf YouTube: Untertitel f\u00fcr dein Business\"><\/a>\n\t<\/div>\n<\/div><\/div><\/div><\/div><\/div>\t\t\t\t<\/div>\n\t\t\t\t<\/div>\n\t\t\t\t\t<\/div>\n\t\t<\/div>\n\t\t\t\t\t<\/div>\n\t\t<\/section>\n\t\t\t\t<\/div>\n\t\t","protected":false},"excerpt":{"rendered":"<p>Blog &#8222;,&#8220;nextArrow&#8220;:&#8220;&#8222;,&#8220;autoplay&#8220;:true,&#8220;autoplaySpeed&#8220;:5000,&#8220;rtl&#8220;:false}&#8216; dir=&#8220;ltr&#8220;> January 17, 2023 Am Marterpfahl der Polyseme November 29, 2022 Die Contentstrategie von Fj\u00e4llr\u00e4ven: eine SWOT-Analyse November 23, 2022 Wie schwer ist der Job eines \u00dcbersetzers? November 23, 2022 Mehr Reichweite auf YouTube: Untertitel f\u00fcr dein Business<\/p>\n","protected":false},"author":1,"featured_media":0,"parent":0,"menu_order":0,"comment_status":"closed","ping_status":"closed","template":"","meta":{"footnotes":""},"class_list":["post-1882","page","type-page","status-publish","hentry"],"yoast_head":"<!-- This site is optimized with the Yoast SEO plugin v27.4 - https:\/\/yoast.com\/product\/yoast-seo-wordpress\/ -->\n<title>GTU | Blog<\/title>\n<meta name=\"robots\" content=\"index, follow, max-snippet:-1, max-image-preview:large, max-video-preview:-1\" \/>\n<link rel=\"canonical\" href=\"https:\/\/gtu.agency\/de\/blog\/\" \/>\n<meta property=\"og:locale\" content=\"de_DE\" \/>\n<meta property=\"og:type\" content=\"article\" \/>\n<meta property=\"og:title\" content=\"GTU | Blog\" \/>\n<meta property=\"og:description\" content=\"Blog &#8222;,&#8220;nextArrow&#8220;:&#8220;&#8222;,&#8220;autoplay&#8220;:true,&#8220;autoplaySpeed&#8220;:5000,&#8220;rtl&#8220;:false}&#8216; dir=&#8220;ltr&#8220;&gt; January 17, 2023 Am Marterpfahl der Polyseme November 29, 2022 Die Contentstrategie von Fj\u00e4llr\u00e4ven: eine SWOT-Analyse November 23, 2022 Wie schwer ist der Job eines \u00dcbersetzers? November 23, 2022 Mehr Reichweite auf YouTube: Untertitel f\u00fcr dein Business\" \/>\n<meta property=\"og:url\" content=\"https:\/\/gtu.agency\/de\/blog\/\" \/>\n<meta property=\"og:site_name\" content=\"GTU\" \/>\n<meta property=\"article:modified_time\" content=\"2023-03-16T15:41:47+00:00\" \/>\n<meta name=\"twitter:card\" content=\"summary_large_image\" \/>\n<meta name=\"twitter:label1\" content=\"Gesch\u00e4tzte Lesezeit\" \/>\n\t<meta name=\"twitter:data1\" content=\"1\u00a0Minute\" \/>\n<script type=\"application\/ld+json\" class=\"yoast-schema-graph\">{\"@context\":\"https:\\\/\\\/schema.org\",\"@graph\":[{\"@type\":\"WebPage\",\"@id\":\"https:\\\/\\\/gtu.agency\\\/de\\\/blog\\\/\",\"url\":\"https:\\\/\\\/gtu.agency\\\/de\\\/blog\\\/\",\"name\":\"GTU | Blog\",\"isPartOf\":{\"@id\":\"https:\\\/\\\/gtu.agency\\\/#website\"},\"datePublished\":\"2022-03-25T10:01:04+00:00\",\"dateModified\":\"2023-03-16T15:41:47+00:00\",\"breadcrumb\":{\"@id\":\"https:\\\/\\\/gtu.agency\\\/de\\\/blog\\\/#breadcrumb\"},\"inLanguage\":\"de\",\"potentialAction\":[{\"@type\":\"ReadAction\",\"target\":[\"https:\\\/\\\/gtu.agency\\\/de\\\/blog\\\/\"]}]},{\"@type\":\"BreadcrumbList\",\"@id\":\"https:\\\/\\\/gtu.agency\\\/de\\\/blog\\\/#breadcrumb\",\"itemListElement\":[{\"@type\":\"ListItem\",\"position\":1,\"name\":\"Portada\",\"item\":\"https:\\\/\\\/gtu.agency\\\/de\\\/\"},{\"@type\":\"ListItem\",\"position\":2,\"name\":\"blog\"}]},{\"@type\":\"WebSite\",\"@id\":\"https:\\\/\\\/gtu.agency\\\/#website\",\"url\":\"https:\\\/\\\/gtu.agency\\\/\",\"name\":\"GTU\",\"description\":\"Translation Agency\",\"publisher\":{\"@id\":\"https:\\\/\\\/gtu.agency\\\/#\\\/schema\\\/person\\\/f0aa70d9acb47d7aeba5fbcf24aaf0ba\"},\"potentialAction\":[{\"@type\":\"SearchAction\",\"target\":{\"@type\":\"EntryPoint\",\"urlTemplate\":\"https:\\\/\\\/gtu.agency\\\/?s={search_term_string}\"},\"query-input\":{\"@type\":\"PropertyValueSpecification\",\"valueRequired\":true,\"valueName\":\"search_term_string\"}}],\"inLanguage\":\"de\"},{\"@type\":[\"Person\",\"Organization\"],\"@id\":\"https:\\\/\\\/gtu.agency\\\/#\\\/schema\\\/person\\\/f0aa70d9acb47d7aeba5fbcf24aaf0ba\",\"name\":\"admin\",\"image\":{\"@type\":\"ImageObject\",\"inLanguage\":\"de\",\"@id\":\"https:\\\/\\\/gtu.agency\\\/wp-content\\\/uploads\\\/2022\\\/03\\\/icon-gtu.svg\",\"url\":\"https:\\\/\\\/gtu.agency\\\/wp-content\\\/uploads\\\/2022\\\/03\\\/icon-gtu.svg\",\"contentUrl\":\"https:\\\/\\\/gtu.agency\\\/wp-content\\\/uploads\\\/2022\\\/03\\\/icon-gtu.svg\",\"width\":120,\"height\":65,\"caption\":\"admin\"},\"logo\":{\"@id\":\"https:\\\/\\\/gtu.agency\\\/wp-content\\\/uploads\\\/2022\\\/03\\\/icon-gtu.svg\"}}]}<\/script>\n<!-- \/ Yoast SEO plugin. -->","yoast_head_json":{"title":"GTU | Blog","robots":{"index":"index","follow":"follow","max-snippet":"max-snippet:-1","max-image-preview":"max-image-preview:large","max-video-preview":"max-video-preview:-1"},"canonical":"https:\/\/gtu.agency\/de\/blog\/","og_locale":"de_DE","og_type":"article","og_title":"GTU | Blog","og_description":"Blog &#8222;,&#8220;nextArrow&#8220;:&#8220;&#8222;,&#8220;autoplay&#8220;:true,&#8220;autoplaySpeed&#8220;:5000,&#8220;rtl&#8220;:false}&#8216; dir=&#8220;ltr&#8220;> January 17, 2023 Am Marterpfahl der Polyseme November 29, 2022 Die Contentstrategie von Fj\u00e4llr\u00e4ven: eine SWOT-Analyse November 23, 2022 Wie schwer ist der Job eines \u00dcbersetzers? November 23, 2022 Mehr Reichweite auf YouTube: Untertitel f\u00fcr dein Business","og_url":"https:\/\/gtu.agency\/de\/blog\/","og_site_name":"GTU","article_modified_time":"2023-03-16T15:41:47+00:00","twitter_card":"summary_large_image","twitter_misc":{"Gesch\u00e4tzte Lesezeit":"1\u00a0Minute"},"schema":{"@context":"https:\/\/schema.org","@graph":[{"@type":"WebPage","@id":"https:\/\/gtu.agency\/de\/blog\/","url":"https:\/\/gtu.agency\/de\/blog\/","name":"GTU | Blog","isPartOf":{"@id":"https:\/\/gtu.agency\/#website"},"datePublished":"2022-03-25T10:01:04+00:00","dateModified":"2023-03-16T15:41:47+00:00","breadcrumb":{"@id":"https:\/\/gtu.agency\/de\/blog\/#breadcrumb"},"inLanguage":"de","potentialAction":[{"@type":"ReadAction","target":["https:\/\/gtu.agency\/de\/blog\/"]}]},{"@type":"BreadcrumbList","@id":"https:\/\/gtu.agency\/de\/blog\/#breadcrumb","itemListElement":[{"@type":"ListItem","position":1,"name":"Portada","item":"https:\/\/gtu.agency\/de\/"},{"@type":"ListItem","position":2,"name":"blog"}]},{"@type":"WebSite","@id":"https:\/\/gtu.agency\/#website","url":"https:\/\/gtu.agency\/","name":"GTU","description":"Translation Agency","publisher":{"@id":"https:\/\/gtu.agency\/#\/schema\/person\/f0aa70d9acb47d7aeba5fbcf24aaf0ba"},"potentialAction":[{"@type":"SearchAction","target":{"@type":"EntryPoint","urlTemplate":"https:\/\/gtu.agency\/?s={search_term_string}"},"query-input":{"@type":"PropertyValueSpecification","valueRequired":true,"valueName":"search_term_string"}}],"inLanguage":"de"},{"@type":["Person","Organization"],"@id":"https:\/\/gtu.agency\/#\/schema\/person\/f0aa70d9acb47d7aeba5fbcf24aaf0ba","name":"admin","image":{"@type":"ImageObject","inLanguage":"de","@id":"https:\/\/gtu.agency\/wp-content\/uploads\/2022\/03\/icon-gtu.svg","url":"https:\/\/gtu.agency\/wp-content\/uploads\/2022\/03\/icon-gtu.svg","contentUrl":"https:\/\/gtu.agency\/wp-content\/uploads\/2022\/03\/icon-gtu.svg","width":120,"height":65,"caption":"admin"},"logo":{"@id":"https:\/\/gtu.agency\/wp-content\/uploads\/2022\/03\/icon-gtu.svg"}}]}},"_links":{"self":[{"href":"https:\/\/gtu.agency\/de\/wp-json\/wp\/v2\/pages\/1882","targetHints":{"allow":["GET"]}}],"collection":[{"href":"https:\/\/gtu.agency\/de\/wp-json\/wp\/v2\/pages"}],"about":[{"href":"https:\/\/gtu.agency\/de\/wp-json\/wp\/v2\/types\/page"}],"author":[{"embeddable":true,"href":"https:\/\/gtu.agency\/de\/wp-json\/wp\/v2\/users\/1"}],"replies":[{"embeddable":true,"href":"https:\/\/gtu.agency\/de\/wp-json\/wp\/v2\/comments?post=1882"}],"version-history":[{"count":3,"href":"https:\/\/gtu.agency\/de\/wp-json\/wp\/v2\/pages\/1882\/revisions"}],"predecessor-version":[{"id":10474,"href":"https:\/\/gtu.agency\/de\/wp-json\/wp\/v2\/pages\/1882\/revisions\/10474"}],"wp:attachment":[{"href":"https:\/\/gtu.agency\/de\/wp-json\/wp\/v2\/media?parent=1882"}],"curies":[{"name":"wp","href":"https:\/\/api.w.org\/{rel}","templated":true}]}}